{"id":202,"date":"2015-05-02T23:06:06","date_gmt":"2015-05-02T22:06:06","guid":{"rendered":"http:\/\/gardan-shop.com\/en\/?post_type=product&#038;p=202"},"modified":"2019-06-04T15:06:35","modified_gmt":"2019-06-04T14:06:35","slug":"archie","status":"publish","type":"product","link":"http:\/\/gardan-shop.com\/en\/product\/archie\/","title":{"rendered":"ARCHIE"},"content":{"rendered":"<p>Ce sac de grande dimension \u00e0 la fois fonctionnel et \u00e9l\u00e9gant vous suit partout.<br \/>\nSes deux compartiments permettent un rangement optimum, la poche int\u00e9rieur permet d&#8217;y glisser mains et objets usuels&#8230; Ainsi toujours \u00e0 \u00ab port\u00e9 de mains \u00bb.<\/p>\n","protected":false},"excerpt":{"rendered":"<p>Out of stock<\/p>\n<p>&nbsp;<\/p>\n<p>Minimalist and functionnal, this large bags follows you everywhere.<br \/>\nHis two compartments allow optimum storage.<\/p>\n<p>The inside pocket allows to slide a removable muff and its everyday objects.<\/p>\n<p>&nbsp;<\/p>\n<p><strong>Features\u00a0:<\/strong><\/p>\n<p>Removable hand strap<br \/>\nAdjustable leather shoulder strap<\/p>\n<p>Two zipper compartments<br \/>\nTwo small pouches inside<\/p>\n<p>Pencil holder inside<br \/>\nCentral compartment<\/p>\n<p>Removable muff in fur and fleece (4 colors)<br \/>\nDimensions: H: 32 x W: 27 x D: 8 cm<br \/>\n(May contain A4 documents)<\/p>\n<p>&nbsp;<\/p>\n<p>Genuine cowhide leather.<br \/>\nRabbit fur<\/p>\n<p>&nbsp;<\/p>\n<p>Made in France<\/p>\n","protected":false},"featured_media":326,"comment_status":"open","ping_status":"closed","template":"","meta":[],"product_cat":[18],"product_tag":[],"yoast_head":"<!-- This site is optimized with the Yoast SEO plugin v22.7 - https:\/\/yoast.com\/wordpress\/plugins\/seo\/ -->\n<title>ARCHIE - French manufacturing leather bag<\/title>\n<meta name=\"robots\" content=\"index, follow, max-snippet:-1, max-image-preview:large, max-video-preview:-1\" \/>\n<link rel=\"canonical\" href=\"http:\/\/gardan-shop.com\/en\/product\/archie\/\" \/>\n<meta property=\"og:locale\" content=\"en_GB\" \/>\n<meta property=\"og:type\" content=\"article\" \/>\n<meta property=\"og:title\" content=\"ARCHIE - French manufacturing leather bag\" \/>\n<meta property=\"og:description\" content=\"Out of stock  &nbsp;  Minimalist and functionnal, this large bags follows you everywhere. His two compartments allow optimum storage.  The inside pocket allows to slide a removable muff and its everyday objects.  &nbsp;  Features\u00a0:  Removable hand strap Adjustable leather shoulder strap  Two zipper compartments Two small pouches inside  Pencil holder inside Central compartment  Removable muff in fur and fleece (4 colors) Dimensions: H: 32 x W: 27 x D: 8 cm (May contain A4 documents)  &nbsp;  Genuine cowhide leather. Rabbit fur  &nbsp;  Made in France\" \/>\n<meta property=\"og:url\" content=\"http:\/\/gardan-shop.com\/en\/product\/archie\/\" \/>\n<meta property=\"og:site_name\" content=\"French manufacturing leather bag\" \/>\n<meta property=\"article:modified_time\" content=\"2019-06-04T14:06:35+00:00\" \/>\n<meta property=\"og:image\" content=\"http:\/\/gardan-shop.com\/en\/wp-content\/uploads\/sites\/3\/2015\/05\/Sac-en-cuir-ARCHIE01.jpg\" \/>\n\t<meta property=\"og:image:width\" content=\"640\" \/>\n\t<meta property=\"og:image:height\" content=\"480\" \/>\n\t<meta property=\"og:image:type\" content=\"image\/jpeg\" \/>\n<script type=\"application\/ld+json\" class=\"yoast-schema-graph\">{\"@context\":\"https:\/\/schema.org\",\"@graph\":[{\"@type\":\"WebPage\",\"@id\":\"http:\/\/gardan-shop.com\/en\/product\/archie\/\",\"url\":\"http:\/\/gardan-shop.com\/en\/product\/archie\/\",\"name\":\"ARCHIE - French manufacturing leather bag\",\"isPartOf\":{\"@id\":\"http:\/\/gardan-shop.com\/en\/#website\"},\"primaryImageOfPage\":{\"@id\":\"http:\/\/gardan-shop.com\/en\/product\/archie\/#primaryimage\"},\"image\":{\"@id\":\"http:\/\/gardan-shop.com\/en\/product\/archie\/#primaryimage\"},\"thumbnailUrl\":\"http:\/\/gardan-shop.com\/en\/wp-content\/uploads\/sites\/3\/2015\/05\/Sac-en-cuir-ARCHIE01.jpg\",\"datePublished\":\"2015-05-02T22:06:06+00:00\",\"dateModified\":\"2019-06-04T14:06:35+00:00\",\"breadcrumb\":{\"@id\":\"http:\/\/gardan-shop.com\/en\/product\/archie\/#breadcrumb\"},\"inLanguage\":\"en-GB\",\"potentialAction\":[{\"@type\":\"ReadAction\",\"target\":[\"http:\/\/gardan-shop.com\/en\/product\/archie\/\"]}]},{\"@type\":\"ImageObject\",\"inLanguage\":\"en-GB\",\"@id\":\"http:\/\/gardan-shop.com\/en\/product\/archie\/#primaryimage\",\"url\":\"http:\/\/gardan-shop.com\/en\/wp-content\/uploads\/sites\/3\/2015\/05\/Sac-en-cuir-ARCHIE01.jpg\",\"contentUrl\":\"http:\/\/gardan-shop.com\/en\/wp-content\/uploads\/sites\/3\/2015\/05\/Sac-en-cuir-ARCHIE01.jpg\",\"width\":640,\"height\":480},{\"@type\":\"BreadcrumbList\",\"@id\":\"http:\/\/gardan-shop.com\/en\/product\/archie\/#breadcrumb\",\"itemListElement\":[{\"@type\":\"ListItem\",\"position\":1,\"name\":\"Home\",\"item\":\"http:\/\/gardan-shop.com\/en\/\"},{\"@type\":\"ListItem\",\"position\":2,\"name\":\"ARCHIE\"}]},{\"@type\":\"WebSite\",\"@id\":\"http:\/\/gardan-shop.com\/en\/#website\",\"url\":\"http:\/\/gardan-shop.com\/en\/\",\"name\":\"French manufacturing leather bag\",\"description\":\"Gardan-Shop\",\"potentialAction\":[{\"@type\":\"SearchAction\",\"target\":{\"@type\":\"EntryPoint\",\"urlTemplate\":\"http:\/\/gardan-shop.com\/en\/?s={search_term_string}\"},\"query-input\":\"required name=search_term_string\"}],\"inLanguage\":\"en-GB\"}]}<\/script>\n<!-- \/ Yoast SEO plugin. -->","yoast_head_json":{"title":"ARCHIE - French manufacturing leather bag","robots":{"index":"index","follow":"follow","max-snippet":"max-snippet:-1","max-image-preview":"max-image-preview:large","max-video-preview":"max-video-preview:-1"},"canonical":"http:\/\/gardan-shop.com\/en\/product\/archie\/","og_locale":"en_GB","og_type":"article","og_title":"ARCHIE - French manufacturing leather bag","og_description":"Out of stock  &nbsp;  Minimalist and functionnal, this large bags follows you everywhere. His two compartments allow optimum storage.  The inside pocket allows to slide a removable muff and its everyday objects.  &nbsp;  Features\u00a0:  Removable hand strap Adjustable leather shoulder strap  Two zipper compartments Two small pouches inside  Pencil holder inside Central compartment  Removable muff in fur and fleece (4 colors) Dimensions: H: 32 x W: 27 x D: 8 cm (May contain A4 documents)  &nbsp;  Genuine cowhide leather. Rabbit fur  &nbsp;  Made in France","og_url":"http:\/\/gardan-shop.com\/en\/product\/archie\/","og_site_name":"French manufacturing leather bag","article_modified_time":"2019-06-04T14:06:35+00:00","og_image":[{"width":640,"height":480,"url":"http:\/\/gardan-shop.com\/en\/wp-content\/uploads\/sites\/3\/2015\/05\/Sac-en-cuir-ARCHIE01.jpg","type":"image\/jpeg"}],"schema":{"@context":"https:\/\/schema.org","@graph":[{"@type":"WebPage","@id":"http:\/\/gardan-shop.com\/en\/product\/archie\/","url":"http:\/\/gardan-shop.com\/en\/product\/archie\/","name":"ARCHIE - French manufacturing leather bag","isPartOf":{"@id":"http:\/\/gardan-shop.com\/en\/#website"},"primaryImageOfPage":{"@id":"http:\/\/gardan-shop.com\/en\/product\/archie\/#primaryimage"},"image":{"@id":"http:\/\/gardan-shop.com\/en\/product\/archie\/#primaryimage"},"thumbnailUrl":"http:\/\/gardan-shop.com\/en\/wp-content\/uploads\/sites\/3\/2015\/05\/Sac-en-cuir-ARCHIE01.jpg","datePublished":"2015-05-02T22:06:06+00:00","dateModified":"2019-06-04T14:06:35+00:00","breadcrumb":{"@id":"http:\/\/gardan-shop.com\/en\/product\/archie\/#breadcrumb"},"inLanguage":"en-GB","potentialAction":[{"@type":"ReadAction","target":["http:\/\/gardan-shop.com\/en\/product\/archie\/"]}]},{"@type":"ImageObject","inLanguage":"en-GB","@id":"http:\/\/gardan-shop.com\/en\/product\/archie\/#primaryimage","url":"http:\/\/gardan-shop.com\/en\/wp-content\/uploads\/sites\/3\/2015\/05\/Sac-en-cuir-ARCHIE01.jpg","contentUrl":"http:\/\/gardan-shop.com\/en\/wp-content\/uploads\/sites\/3\/2015\/05\/Sac-en-cuir-ARCHIE01.jpg","width":640,"height":480},{"@type":"BreadcrumbList","@id":"http:\/\/gardan-shop.com\/en\/product\/archie\/#breadcrumb","itemListElement":[{"@type":"ListItem","position":1,"name":"Home","item":"http:\/\/gardan-shop.com\/en\/"},{"@type":"ListItem","position":2,"name":"ARCHIE"}]},{"@type":"WebSite","@id":"http:\/\/gardan-shop.com\/en\/#website","url":"http:\/\/gardan-shop.com\/en\/","name":"French manufacturing leather bag","description":"Gardan-Shop","potentialAction":[{"@type":"SearchAction","target":{"@type":"EntryPoint","urlTemplate":"http:\/\/gardan-shop.com\/en\/?s={search_term_string}"},"query-input":"required name=search_term_string"}],"inLanguage":"en-GB"}]}},"_links":{"self":[{"href":"http:\/\/gardan-shop.com\/en\/wp-json\/wp\/v2\/product\/202"}],"collection":[{"href":"http:\/\/gardan-shop.com\/en\/wp-json\/wp\/v2\/product"}],"about":[{"href":"http:\/\/gardan-shop.com\/en\/wp-json\/wp\/v2\/types\/product"}],"replies":[{"embeddable":true,"href":"http:\/\/gardan-shop.com\/en\/wp-json\/wp\/v2\/comments?post=202"}],"wp:featuredmedia":[{"embeddable":true,"href":"http:\/\/gardan-shop.com\/en\/wp-json\/wp\/v2\/media\/326"}],"wp:attachment":[{"href":"http:\/\/gardan-shop.com\/en\/wp-json\/wp\/v2\/media?parent=202"}],"wp:term":[{"taxonomy":"product_cat","embeddable":true,"href":"http:\/\/gardan-shop.com\/en\/wp-json\/wp\/v2\/product_cat?post=202"},{"taxonomy":"product_tag","embeddable":true,"href":"http:\/\/gardan-shop.com\/en\/wp-json\/wp\/v2\/product_tag?post=202"}],"curies":[{"name":"wp","href":"https:\/\/api.w.org\/{rel}","templated":true}]}}