{"id":420,"date":"2015-04-24T16:10:07","date_gmt":"2015-04-24T15:10:07","guid":{"rendered":"http:\/\/gardan-shop.com\/fr\/?page_id=420"},"modified":"2018-04-15T13:58:44","modified_gmt":"2018-04-15T12:58:44","slug":"a-propos","status":"publish","type":"page","link":"http:\/\/gardan-shop.com\/fr\/a-propos\/","title":{"rendered":"a propos"},"content":{"rendered":"<p>[vc_row][vc_column width=\u00a0\u00bb1\/2&Prime;][vc_column_text]<strong>GARDAN<\/strong> est une marque de maroquinerie avec la volont\u00e9 de concevoir des sacs agr\u00e9ables \u00e0 porter, \u00e0 toucher et au cuir souple mais \u00e9galement ludique.<\/p>\n<p>Architecte depuis plusieurs ann\u00e9es, travaillant l\u2019\u00e9chelle du b\u00e2timent, de la ville, j\u2019ai ressenti le besoin de me tourner vers l\u2019\u00e9chelle de l\u2019objet, li\u00e9e \u00e0 un travail plus manuel.<\/p>\n<p><strong>Fabrication fran\u00e7aise, design \u00e9pur\u00e9 et mati\u00e8res nobles sont les objectifs de la marque.<\/strong><\/p>\n<p>&nbsp;<\/p>\n<p><em>Anne-Laure Gardan<\/em><\/p>\n<p><em><a href=\"http:\/\/gardan-shop.com\/fr\/wp-content\/uploads\/sites\/2\/2015\/04\/Sac-en-cuir-Fabrication-Fran\u00e7aise-1-1.jpg\"><img loading=\"lazy\" decoding=\"async\" class=\"wp-image-924 alignleft\" src=\"http:\/\/gardan-shop.com\/fr\/wp-content\/uploads\/sites\/2\/2015\/04\/Sac-en-cuir-Fabrication-Fran\u00e7aise-1-1-300x200.jpg\" width=\"222\" height=\"148\" srcset=\"http:\/\/gardan-shop.com\/fr\/wp-content\/uploads\/sites\/2\/2015\/04\/Sac-en-cuir-Fabrication-Fran\u00e7aise-1-1-300x200.jpg 300w, http:\/\/gardan-shop.com\/fr\/wp-content\/uploads\/sites\/2\/2015\/04\/Sac-en-cuir-Fabrication-Fran\u00e7aise-1-1-600x400.jpg 600w, http:\/\/gardan-shop.com\/fr\/wp-content\/uploads\/sites\/2\/2015\/04\/Sac-en-cuir-Fabrication-Fran\u00e7aise-1-1.jpg 900w\" sizes=\"(max-width: 222px) 100vw, 222px\" \/><\/a><\/em><\/p>\n<p style=\"text-align: center;\"><img loading=\"lazy\" decoding=\"async\" class=\"wp-image-431 alignnone\" src=\"http:\/\/gardan-shop.com\/fr\/wp-content\/uploads\/sites\/2\/2015\/04\/12-300x225.jpg\" alt=\"1\" width=\"200\" height=\"150\" srcset=\"http:\/\/gardan-shop.com\/fr\/wp-content\/uploads\/sites\/2\/2015\/04\/12-300x225.jpg 300w, http:\/\/gardan-shop.com\/fr\/wp-content\/uploads\/sites\/2\/2015\/04\/12.jpg 800w\" sizes=\"(max-width: 200px) 100vw, 200px\" \/><\/p>\n<p>[\/vc_column_text][\/vc_column][vc_column width=\u00a0\u00bb1\/2&Prime;][vc_column_text]<strong>CONCEPTION ET FABRICATION FRANCAISE <\/strong><\/p>\n<p>Les sacs sont con\u00e7us \u00e0 Rennes et fabriqu\u00e9s en Bretagne.<\/p>\n<p>Chaque pi\u00e8ce est unique.<\/p>\n<p style=\"text-align: center;\"><a href=\"http:\/\/gardan-shop.com\/fr\/wp-content\/uploads\/sites\/2\/2015\/04\/Atelier-fabrication-fran\u00e7aise2.jpg\"><img loading=\"lazy\" decoding=\"async\" class=\" wp-image-553 alignleft\" src=\"http:\/\/gardan-shop.com\/fr\/wp-content\/uploads\/sites\/2\/2015\/04\/Atelier-fabrication-fran\u00e7aise2-300x200.jpg\" alt=\"\" width=\"225\" height=\"150\" srcset=\"http:\/\/gardan-shop.com\/fr\/wp-content\/uploads\/sites\/2\/2015\/04\/Atelier-fabrication-fran\u00e7aise2-300x200.jpg 300w, http:\/\/gardan-shop.com\/fr\/wp-content\/uploads\/sites\/2\/2015\/04\/Atelier-fabrication-fran\u00e7aise2.jpg 900w\" sizes=\"(max-width: 225px) 100vw, 225px\" \/><\/a>\u00a0<a href=\"http:\/\/gardan-shop.com\/fr\/wp-content\/uploads\/sites\/2\/2015\/04\/ATELIER-BOIS1.jpg\"><img loading=\"lazy\" decoding=\"async\" class=\"alignnone wp-image-1008 \" src=\"http:\/\/gardan-shop.com\/fr\/wp-content\/uploads\/sites\/2\/2015\/04\/ATELIER-BOIS1-300x200.jpg\" width=\"225\" height=\"150\" srcset=\"http:\/\/gardan-shop.com\/fr\/wp-content\/uploads\/sites\/2\/2015\/04\/ATELIER-BOIS1-300x200.jpg 300w, http:\/\/gardan-shop.com\/fr\/wp-content\/uploads\/sites\/2\/2015\/04\/ATELIER-BOIS1-600x400.jpg 600w, http:\/\/gardan-shop.com\/fr\/wp-content\/uploads\/sites\/2\/2015\/04\/ATELIER-BOIS1.jpg 900w\" sizes=\"(max-width: 225px) 100vw, 225px\" \/><\/a><\/p>\n<p><strong>NOS CUIRS<\/strong><\/p>\n<p>Tous nos cuirs sont s\u00e9lectionn\u00e9s pour leur souplesse et leur grain lisse, agr\u00e9able au toucher.<\/p>\n<p>Le cuir est un mat\u00e9riau naturel, non homog\u00e8ne, ce qui conf\u00e8re \u00e0 chaque pi\u00e8ce son caract\u00e8re unique. C&rsquo;est aussi une mati\u00e8re qui se patine et se sublime avec le temps.<\/p>\n<p>&nbsp;<\/p>\n<p><strong>ENTRETIEN ET CONSEILS<\/strong><\/p>\n<p>Avant utilisation : pulv\u00e9riser un imperm\u00e9abilisant incolore sur toutes les faces du sac, int\u00e9rieures et ext\u00e9rieures. (Distance de pulv\u00e9risation environ 30cm)<\/p>\n<p>\u00c9viter tous contact prolong\u00e9 avec l&rsquo;eau, le soleil, les corps gras et les textiles bruts qui peuvent cr\u00e9er des transferts de couleurs.[\/vc_column_text][\/vc_column][\/vc_row]<\/p>\n","protected":false},"excerpt":{"rendered":"<p>[vc_row][vc_column width=\u00a0\u00bb1\/2&Prime;][vc_column_text]GARDAN est une marque de maroquinerie avec la volont\u00e9 de concevoir des sacs agr\u00e9ables \u00e0 porter, \u00e0 toucher et au cuir souple mais \u00e9galement ludique. Architecte depuis plusieurs ann\u00e9es, travaillant l\u2019\u00e9chelle du b\u00e2timent, de la ville, j\u2019ai ressenti le besoin de me tourner vers l\u2019\u00e9chelle de l\u2019objet, li\u00e9e \u00e0 un travail plus manuel. Fabrication [&hellip;]<\/p>\n","protected":false},"author":1,"featured_media":0,"parent":0,"menu_order":0,"comment_status":"closed","ping_status":"closed","template":"","meta":{"footnotes":""},"yoast_head":"<!-- This site is optimized with the Yoast SEO plugin v22.7 - https:\/\/yoast.com\/wordpress\/plugins\/seo\/ -->\n<title>a propos - Sacs en cuir de fabrication Fran\u00e7aise<\/title>\n<meta name=\"description\" content=\"Gardan est une marque de maroquinerie, nos sacs \u00e0 mains en cuir sont con\u00e7us \u00e0 Rennes et fabriqu\u00e9s en Bretagne, chaque pi\u00e8ce au design \u00e9pur\u00e9 est unique.\" \/>\n<meta name=\"robots\" content=\"index, follow, max-snippet:-1, max-image-preview:large, max-video-preview:-1\" \/>\n<link rel=\"canonical\" href=\"http:\/\/gardan-shop.com\/fr\/a-propos\/\" \/>\n<meta property=\"og:locale\" content=\"fr_FR\" \/>\n<meta property=\"og:type\" content=\"article\" \/>\n<meta property=\"og:title\" content=\"a propos - Sacs en cuir de fabrication Fran\u00e7aise\" \/>\n<meta property=\"og:description\" content=\"Gardan est une marque de maroquinerie, nos sacs \u00e0 mains en cuir sont con\u00e7us \u00e0 Rennes et fabriqu\u00e9s en Bretagne, chaque pi\u00e8ce au design \u00e9pur\u00e9 est unique.\" \/>\n<meta property=\"og:url\" content=\"http:\/\/gardan-shop.com\/fr\/a-propos\/\" \/>\n<meta property=\"og:site_name\" content=\"Sacs en cuir de fabrication Fran\u00e7aise\" \/>\n<meta property=\"article:modified_time\" content=\"2018-04-15T12:58:44+00:00\" \/>\n<meta property=\"og:image\" content=\"http:\/\/gardan-shop.com\/fr\/wp-content\/uploads\/sites\/2\/2015\/04\/12-300x225.jpg\" \/>\n<meta name=\"twitter:label1\" content=\"Dur\u00e9e de lecture estim\u00e9e\" \/>\n\t<meta name=\"twitter:data1\" content=\"1 minute\" \/>\n<script type=\"application\/ld+json\" class=\"yoast-schema-graph\">{\"@context\":\"https:\/\/schema.org\",\"@graph\":[{\"@type\":\"WebPage\",\"@id\":\"http:\/\/gardan-shop.com\/fr\/a-propos\/\",\"url\":\"http:\/\/gardan-shop.com\/fr\/a-propos\/\",\"name\":\"a propos - Sacs en cuir de fabrication Fran\u00e7aise\",\"isPartOf\":{\"@id\":\"http:\/\/gardan-shop.com\/fr\/#website\"},\"primaryImageOfPage\":{\"@id\":\"http:\/\/gardan-shop.com\/fr\/a-propos\/#primaryimage\"},\"image\":{\"@id\":\"http:\/\/gardan-shop.com\/fr\/a-propos\/#primaryimage\"},\"thumbnailUrl\":\"http:\/\/gardan-shop.com\/fr\/wp-content\/uploads\/sites\/2\/2015\/04\/12-300x225.jpg\",\"datePublished\":\"2015-04-24T15:10:07+00:00\",\"dateModified\":\"2018-04-15T12:58:44+00:00\",\"description\":\"Gardan est une marque de maroquinerie, nos sacs \u00e0 mains en cuir sont con\u00e7us \u00e0 Rennes et fabriqu\u00e9s en Bretagne, chaque pi\u00e8ce au design \u00e9pur\u00e9 est unique.\",\"breadcrumb\":{\"@id\":\"http:\/\/gardan-shop.com\/fr\/a-propos\/#breadcrumb\"},\"inLanguage\":\"fr-FR\",\"potentialAction\":[{\"@type\":\"ReadAction\",\"target\":[\"http:\/\/gardan-shop.com\/fr\/a-propos\/\"]}]},{\"@type\":\"ImageObject\",\"inLanguage\":\"fr-FR\",\"@id\":\"http:\/\/gardan-shop.com\/fr\/a-propos\/#primaryimage\",\"url\":\"http:\/\/gardan-shop.com\/fr\/wp-content\/uploads\/sites\/2\/2015\/04\/12.jpg\",\"contentUrl\":\"http:\/\/gardan-shop.com\/fr\/wp-content\/uploads\/sites\/2\/2015\/04\/12.jpg\",\"width\":800,\"height\":600},{\"@type\":\"BreadcrumbList\",\"@id\":\"http:\/\/gardan-shop.com\/fr\/a-propos\/#breadcrumb\",\"itemListElement\":[{\"@type\":\"ListItem\",\"position\":1,\"name\":\"Accueil\",\"item\":\"http:\/\/gardan-shop.com\/fr\/\"},{\"@type\":\"ListItem\",\"position\":2,\"name\":\"a propos\"}]},{\"@type\":\"WebSite\",\"@id\":\"http:\/\/gardan-shop.com\/fr\/#website\",\"url\":\"http:\/\/gardan-shop.com\/fr\/\",\"name\":\"Sacs en cuir de fabrication Fran\u00e7aise\",\"description\":\"Gardan-Shop\",\"potentialAction\":[{\"@type\":\"SearchAction\",\"target\":{\"@type\":\"EntryPoint\",\"urlTemplate\":\"http:\/\/gardan-shop.com\/fr\/?s={search_term_string}\"},\"query-input\":\"required name=search_term_string\"}],\"inLanguage\":\"fr-FR\"}]}<\/script>\n<!-- \/ Yoast SEO plugin. -->","yoast_head_json":{"title":"a propos - Sacs en cuir de fabrication Fran\u00e7aise","description":"Gardan est une marque de maroquinerie, nos sacs \u00e0 mains en cuir sont con\u00e7us \u00e0 Rennes et fabriqu\u00e9s en Bretagne, chaque pi\u00e8ce au design \u00e9pur\u00e9 est unique.","robots":{"index":"index","follow":"follow","max-snippet":"max-snippet:-1","max-image-preview":"max-image-preview:large","max-video-preview":"max-video-preview:-1"},"canonical":"http:\/\/gardan-shop.com\/fr\/a-propos\/","og_locale":"fr_FR","og_type":"article","og_title":"a propos - Sacs en cuir de fabrication Fran\u00e7aise","og_description":"Gardan est une marque de maroquinerie, nos sacs \u00e0 mains en cuir sont con\u00e7us \u00e0 Rennes et fabriqu\u00e9s en Bretagne, chaque pi\u00e8ce au design \u00e9pur\u00e9 est unique.","og_url":"http:\/\/gardan-shop.com\/fr\/a-propos\/","og_site_name":"Sacs en cuir de fabrication Fran\u00e7aise","article_modified_time":"2018-04-15T12:58:44+00:00","og_image":[{"url":"http:\/\/gardan-shop.com\/fr\/wp-content\/uploads\/sites\/2\/2015\/04\/12-300x225.jpg"}],"twitter_misc":{"Dur\u00e9e de lecture estim\u00e9e":"1 minute"},"schema":{"@context":"https:\/\/schema.org","@graph":[{"@type":"WebPage","@id":"http:\/\/gardan-shop.com\/fr\/a-propos\/","url":"http:\/\/gardan-shop.com\/fr\/a-propos\/","name":"a propos - Sacs en cuir de fabrication Fran\u00e7aise","isPartOf":{"@id":"http:\/\/gardan-shop.com\/fr\/#website"},"primaryImageOfPage":{"@id":"http:\/\/gardan-shop.com\/fr\/a-propos\/#primaryimage"},"image":{"@id":"http:\/\/gardan-shop.com\/fr\/a-propos\/#primaryimage"},"thumbnailUrl":"http:\/\/gardan-shop.com\/fr\/wp-content\/uploads\/sites\/2\/2015\/04\/12-300x225.jpg","datePublished":"2015-04-24T15:10:07+00:00","dateModified":"2018-04-15T12:58:44+00:00","description":"Gardan est une marque de maroquinerie, nos sacs \u00e0 mains en cuir sont con\u00e7us \u00e0 Rennes et fabriqu\u00e9s en Bretagne, chaque pi\u00e8ce au design \u00e9pur\u00e9 est unique.","breadcrumb":{"@id":"http:\/\/gardan-shop.com\/fr\/a-propos\/#breadcrumb"},"inLanguage":"fr-FR","potentialAction":[{"@type":"ReadAction","target":["http:\/\/gardan-shop.com\/fr\/a-propos\/"]}]},{"@type":"ImageObject","inLanguage":"fr-FR","@id":"http:\/\/gardan-shop.com\/fr\/a-propos\/#primaryimage","url":"http:\/\/gardan-shop.com\/fr\/wp-content\/uploads\/sites\/2\/2015\/04\/12.jpg","contentUrl":"http:\/\/gardan-shop.com\/fr\/wp-content\/uploads\/sites\/2\/2015\/04\/12.jpg","width":800,"height":600},{"@type":"BreadcrumbList","@id":"http:\/\/gardan-shop.com\/fr\/a-propos\/#breadcrumb","itemListElement":[{"@type":"ListItem","position":1,"name":"Accueil","item":"http:\/\/gardan-shop.com\/fr\/"},{"@type":"ListItem","position":2,"name":"a propos"}]},{"@type":"WebSite","@id":"http:\/\/gardan-shop.com\/fr\/#website","url":"http:\/\/gardan-shop.com\/fr\/","name":"Sacs en cuir de fabrication Fran\u00e7aise","description":"Gardan-Shop","potentialAction":[{"@type":"SearchAction","target":{"@type":"EntryPoint","urlTemplate":"http:\/\/gardan-shop.com\/fr\/?s={search_term_string}"},"query-input":"required name=search_term_string"}],"inLanguage":"fr-FR"}]}},"_links":{"self":[{"href":"http:\/\/gardan-shop.com\/fr\/wp-json\/wp\/v2\/pages\/420"}],"collection":[{"href":"http:\/\/gardan-shop.com\/fr\/wp-json\/wp\/v2\/pages"}],"about":[{"href":"http:\/\/gardan-shop.com\/fr\/wp-json\/wp\/v2\/types\/page"}],"author":[{"embeddable":true,"href":"http:\/\/gardan-shop.com\/fr\/wp-json\/wp\/v2\/users\/1"}],"replies":[{"embeddable":true,"href":"http:\/\/gardan-shop.com\/fr\/wp-json\/wp\/v2\/comments?post=420"}],"version-history":[{"count":40,"href":"http:\/\/gardan-shop.com\/fr\/wp-json\/wp\/v2\/pages\/420\/revisions"}],"predecessor-version":[{"id":1084,"href":"http:\/\/gardan-shop.com\/fr\/wp-json\/wp\/v2\/pages\/420\/revisions\/1084"}],"wp:attachment":[{"href":"http:\/\/gardan-shop.com\/fr\/wp-json\/wp\/v2\/media?parent=420"}],"curies":[{"name":"wp","href":"https:\/\/api.w.org\/{rel}","templated":true}]}}