{"id":454,"date":"2015-04-24T20:46:56","date_gmt":"2015-04-24T19:46:56","guid":{"rendered":"http:\/\/gardan-shop.com\/fr\/?page_id=454"},"modified":"2015-05-26T23:14:59","modified_gmt":"2015-05-26T22:14:59","slug":"delai-et-livraisons","status":"publish","type":"page","link":"http:\/\/gardan-shop.com\/fr\/delai-et-livraisons\/","title":{"rendered":"D\u00e9lai et Livraisons"},"content":{"rendered":"<p><strong><span style=\"font-size: 12pt;\">D\u00c9LAI<\/span><br \/>\n<\/strong><\/p>\n<p>La plupart de nos articles sont r\u00e9alis\u00e9s \u00e0 la commande.<\/p>\n<p>Noter qu\u2019un d\u00e9lai d\u2019environ 3 semaines est n\u00e9cessaire.<\/p>\n<p>&nbsp;<\/p>\n<p><span style=\"font-size: 12pt;\"><strong>LIVRAISON<\/strong><\/span><\/p>\n<p>Votre commande ne pourra \u00eatre enregistr\u00e9e que dans la limite des stocks disponibles.<\/p>\n<p>Il est possible de commander des produits avant qu&rsquo;ils ne soient en stock, si ces produits ne pouvaient \u00eatre disponibles, vous serez pr\u00e9venus par mail et rembours\u00e9 int\u00e9gralement si nous ne pouvons convenir d&rsquo;un accord.<\/p>\n<p>Les produits sont exp\u00e9di\u00e9s \u00e0 l&rsquo;adresse de livraison que le Client a indiqu\u00e9e au cours du processus de commande. Gardan-shop ne saurait \u00eatre tenue responsable d\u2019\u00e9ventuelles erreurs de saisie et de leurs cons\u00e9quences en termes de retards ou d\u2019erreurs de livraison. Dans ce contexte, tous les frais engag\u00e9s pour la r\u00e9exp\u00e9dition seront \u00e0 la charge du Client.<\/p>\n<p>&nbsp;<\/p>\n<p><strong><span style=\"font-size: 12pt;\">FRAIS DE PORT<\/span><br \/>\n<\/strong><\/p>\n<p>Pour l&rsquo;envoi des produits, nous utilisons les services de la Poste.<\/p>\n<p>Pour nous assurer de votre enti\u00e8re satisfaction, nous souhaitons que les produits soient suivis jusqu&rsquo;\u00e0 leur destination.<\/p>\n<p>Vous pourrez suivre vos colis par le biais du site colissimo de la poste, avec un num\u00e9ro de colis qui vous sera envoy\u00e9 par email.<\/p>\n<p>Pour les envois en France et \u00e0 l&rsquo;\u00e9tranger, nous utilisons le service colissimo de la Poste.<\/p>\n<p>La participation aux frais de port et d&#8217;emballage est la suivante:<\/p>\n<p>Livraison en France M\u00e9tropolitaine<\/p>\n<ul>\n<li>Gratuite<\/li>\n<\/ul>\n<p>Livraison en Europe<\/p>\n<ul>\n<li>11 \u20ac<\/li>\n<\/ul>\n<p>Livraison dans le reste du monde (et DOM-TOM)<\/p>\n<ul>\n<li>16 \u20ac<\/li>\n<\/ul>\n<p>&nbsp;<\/p>\n<p>Gardan-shop ne saurait \u00eatre tenue pour responsable de retards de livraison en raison d\u2019erreurs ou de perturbations imputables aux Transporteurs (gr\u00e8ve totale ou partielle du Transporteur et\/ou des moyens de transport et\/ou de communication).<\/p>\n<p>&nbsp;<\/p>\n<p><span style=\"font-size: 12pt;\"><strong>GARANTIES D&rsquo;ACHAT \u2013 RETOURS<\/strong><\/span><\/p>\n<p>Les marchandises vendues voyagent aux risques et p\u00e9rils de l&rsquo;acheteur. Il est recommand\u00e9 de v\u00e9rifier l&rsquo;int\u00e9grit\u00e9 des colis et d&rsquo;\u00e9mettre des r\u00e9serves aupr\u00e8s du livreur, ou de refuser la marchandise en cas de doute. Un article peut \u00eatre \u00e9chang\u00e9 ou rembours\u00e9 s&rsquo;il est retourn\u00e9 intact dans un d\u00e9lai de 15 jours (selon les dispositions de l&rsquo;article L121.16 du Code de la Consommation) dans son emballage d&rsquo;origine. Avant tout retour merci de nous contacter \u00e0 l\u2019adresse mail suivante\u00a0: contact@gardan-shop.com<\/p>\n<p>Les frais d&rsquo;envoi et de retour restent \u00e0 la charge de l&rsquo;acheteur. L&rsquo;Atelier Gardan recommande le retour par colissimo suivi avec signature et ne sera en aucun cas tenu pour responsable d&rsquo;\u00e9ventuels probl\u00e8mes de retours.<\/p>\n<p>Si vous nous retournez un article du fait d&rsquo;une erreur de notre part, les frais de port vous seront int\u00e9gralement rembours\u00e9s sur demande.<\/p>\n","protected":false},"excerpt":{"rendered":"<p>D\u00c9LAI La plupart de nos articles sont r\u00e9alis\u00e9s \u00e0 la commande. Noter qu\u2019un d\u00e9lai d\u2019environ 3 semaines est n\u00e9cessaire. &nbsp; LIVRAISON Votre commande ne pourra \u00eatre enregistr\u00e9e que dans la limite des stocks disponibles. Il est possible de commander des produits avant qu&rsquo;ils ne soient en stock, si ces produits ne pouvaient \u00eatre disponibles, vous [&hellip;]<\/p>\n","protected":false},"author":1,"featured_media":0,"parent":0,"menu_order":0,"comment_status":"closed","ping_status":"closed","template":"","meta":{"footnotes":""},"yoast_head":"<!-- This site is optimized with the Yoast SEO plugin v22.7 - https:\/\/yoast.com\/wordpress\/plugins\/seo\/ -->\n<title>D\u00e9lai et Livraisons - Sacs en cuir de fabrication Fran\u00e7aise<\/title>\n<meta name=\"robots\" content=\"noindex, follow\" \/>\n<meta property=\"og:locale\" content=\"fr_FR\" \/>\n<meta property=\"og:type\" content=\"article\" \/>\n<meta property=\"og:title\" content=\"D\u00e9lai et Livraisons - Sacs en cuir de fabrication Fran\u00e7aise\" \/>\n<meta property=\"og:description\" content=\"D\u00c9LAI La plupart de nos articles sont r\u00e9alis\u00e9s \u00e0 la commande. Noter qu\u2019un d\u00e9lai d\u2019environ 3 semaines est n\u00e9cessaire. &nbsp; LIVRAISON Votre commande ne pourra \u00eatre enregistr\u00e9e que dans la limite des stocks disponibles. Il est possible de commander des produits avant qu&rsquo;ils ne soient en stock, si ces produits ne pouvaient \u00eatre disponibles, vous [&hellip;]\" \/>\n<meta property=\"og:url\" content=\"http:\/\/gardan-shop.com\/fr\/delai-et-livraisons\/\" \/>\n<meta property=\"og:site_name\" content=\"Sacs en cuir de fabrication Fran\u00e7aise\" \/>\n<meta property=\"article:modified_time\" content=\"2015-05-26T22:14:59+00:00\" \/>\n<meta name=\"twitter:label1\" content=\"Dur\u00e9e de lecture estim\u00e9e\" \/>\n\t<meta name=\"twitter:data1\" content=\"2 minutes\" \/>\n<script type=\"application\/ld+json\" class=\"yoast-schema-graph\">{\"@context\":\"https:\/\/schema.org\",\"@graph\":[{\"@type\":\"WebPage\",\"@id\":\"http:\/\/gardan-shop.com\/fr\/delai-et-livraisons\/\",\"url\":\"http:\/\/gardan-shop.com\/fr\/delai-et-livraisons\/\",\"name\":\"D\u00e9lai et Livraisons - Sacs en cuir de fabrication Fran\u00e7aise\",\"isPartOf\":{\"@id\":\"http:\/\/gardan-shop.com\/fr\/#website\"},\"datePublished\":\"2015-04-24T19:46:56+00:00\",\"dateModified\":\"2015-05-26T22:14:59+00:00\",\"breadcrumb\":{\"@id\":\"http:\/\/gardan-shop.com\/fr\/delai-et-livraisons\/#breadcrumb\"},\"inLanguage\":\"fr-FR\",\"potentialAction\":[{\"@type\":\"ReadAction\",\"target\":[\"http:\/\/gardan-shop.com\/fr\/delai-et-livraisons\/\"]}]},{\"@type\":\"BreadcrumbList\",\"@id\":\"http:\/\/gardan-shop.com\/fr\/delai-et-livraisons\/#breadcrumb\",\"itemListElement\":[{\"@type\":\"ListItem\",\"position\":1,\"name\":\"Accueil\",\"item\":\"http:\/\/gardan-shop.com\/fr\/\"},{\"@type\":\"ListItem\",\"position\":2,\"name\":\"D\u00e9lai et Livraisons\"}]},{\"@type\":\"WebSite\",\"@id\":\"http:\/\/gardan-shop.com\/fr\/#website\",\"url\":\"http:\/\/gardan-shop.com\/fr\/\",\"name\":\"Sacs en cuir de fabrication Fran\u00e7aise\",\"description\":\"Gardan-Shop\",\"potentialAction\":[{\"@type\":\"SearchAction\",\"target\":{\"@type\":\"EntryPoint\",\"urlTemplate\":\"http:\/\/gardan-shop.com\/fr\/?s={search_term_string}\"},\"query-input\":\"required name=search_term_string\"}],\"inLanguage\":\"fr-FR\"}]}<\/script>\n<!-- \/ Yoast SEO plugin. -->","yoast_head_json":{"title":"D\u00e9lai et Livraisons - Sacs en cuir de fabrication Fran\u00e7aise","robots":{"index":"noindex","follow":"follow"},"og_locale":"fr_FR","og_type":"article","og_title":"D\u00e9lai et Livraisons - Sacs en cuir de fabrication Fran\u00e7aise","og_description":"D\u00c9LAI La plupart de nos articles sont r\u00e9alis\u00e9s \u00e0 la commande. Noter qu\u2019un d\u00e9lai d\u2019environ 3 semaines est n\u00e9cessaire. &nbsp; LIVRAISON Votre commande ne pourra \u00eatre enregistr\u00e9e que dans la limite des stocks disponibles. Il est possible de commander des produits avant qu&rsquo;ils ne soient en stock, si ces produits ne pouvaient \u00eatre disponibles, vous [&hellip;]","og_url":"http:\/\/gardan-shop.com\/fr\/delai-et-livraisons\/","og_site_name":"Sacs en cuir de fabrication Fran\u00e7aise","article_modified_time":"2015-05-26T22:14:59+00:00","twitter_misc":{"Dur\u00e9e de lecture estim\u00e9e":"2 minutes"},"schema":{"@context":"https:\/\/schema.org","@graph":[{"@type":"WebPage","@id":"http:\/\/gardan-shop.com\/fr\/delai-et-livraisons\/","url":"http:\/\/gardan-shop.com\/fr\/delai-et-livraisons\/","name":"D\u00e9lai et Livraisons - Sacs en cuir de fabrication Fran\u00e7aise","isPartOf":{"@id":"http:\/\/gardan-shop.com\/fr\/#website"},"datePublished":"2015-04-24T19:46:56+00:00","dateModified":"2015-05-26T22:14:59+00:00","breadcrumb":{"@id":"http:\/\/gardan-shop.com\/fr\/delai-et-livraisons\/#breadcrumb"},"inLanguage":"fr-FR","potentialAction":[{"@type":"ReadAction","target":["http:\/\/gardan-shop.com\/fr\/delai-et-livraisons\/"]}]},{"@type":"BreadcrumbList","@id":"http:\/\/gardan-shop.com\/fr\/delai-et-livraisons\/#breadcrumb","itemListElement":[{"@type":"ListItem","position":1,"name":"Accueil","item":"http:\/\/gardan-shop.com\/fr\/"},{"@type":"ListItem","position":2,"name":"D\u00e9lai et Livraisons"}]},{"@type":"WebSite","@id":"http:\/\/gardan-shop.com\/fr\/#website","url":"http:\/\/gardan-shop.com\/fr\/","name":"Sacs en cuir de fabrication Fran\u00e7aise","description":"Gardan-Shop","potentialAction":[{"@type":"SearchAction","target":{"@type":"EntryPoint","urlTemplate":"http:\/\/gardan-shop.com\/fr\/?s={search_term_string}"},"query-input":"required name=search_term_string"}],"inLanguage":"fr-FR"}]}},"_links":{"self":[{"href":"http:\/\/gardan-shop.com\/fr\/wp-json\/wp\/v2\/pages\/454"}],"collection":[{"href":"http:\/\/gardan-shop.com\/fr\/wp-json\/wp\/v2\/pages"}],"about":[{"href":"http:\/\/gardan-shop.com\/fr\/wp-json\/wp\/v2\/types\/page"}],"author":[{"embeddable":true,"href":"http:\/\/gardan-shop.com\/fr\/wp-json\/wp\/v2\/users\/1"}],"replies":[{"embeddable":true,"href":"http:\/\/gardan-shop.com\/fr\/wp-json\/wp\/v2\/comments?post=454"}],"version-history":[{"count":8,"href":"http:\/\/gardan-shop.com\/fr\/wp-json\/wp\/v2\/pages\/454\/revisions"}],"predecessor-version":[{"id":595,"href":"http:\/\/gardan-shop.com\/fr\/wp-json\/wp\/v2\/pages\/454\/revisions\/595"}],"wp:attachment":[{"href":"http:\/\/gardan-shop.com\/fr\/wp-json\/wp\/v2\/media?parent=454"}],"curies":[{"name":"wp","href":"https:\/\/api.w.org\/{rel}","templated":true}]}}