{"id":972,"date":"2016-10-27T15:05:30","date_gmt":"2016-10-27T14:05:30","guid":{"rendered":"http:\/\/gardan-shop.com\/fr\/?page_id=972"},"modified":"2018-04-15T12:00:09","modified_gmt":"2018-04-15T11:00:09","slug":"e-shop","status":"publish","type":"page","link":"http:\/\/gardan-shop.com\/fr\/e-shop\/","title":{"rendered":"E-Shop"},"content":{"rendered":"<p>[vc_row font_color=\u00a0\u00bb#ffffff\u00a0\u00bb css=\u00a0\u00bb.vc_custom_1431794053939{background-color: #ffffff !important;border-color: #ffffff !important;}\u00a0\u00bb][vc_column width=\u00a0\u00bb1\/4&Prime;][vc_single_image image=\u00a0\u00bb1027&Prime; img_size=\u00a0\u00bbmedium\u00a0\u00bb onclick=\u00a0\u00bbcustom_link\u00a0\u00bb img_link=\u00a0\u00bbhttp:\/\/gardan-shop.com\/fr\/produits\/anna-ka\/\u00a0\u00bb css=\u00a0\u00bb.vc_custom_1523789633354{background-color: #ffffff !important;}\u00a0\u00bb link=\u00a0\u00bbhttp:\/\/gardan-shop.com\/fr\/produits\/billy-rose\/\u00a0\u00bb][vc_column_text]BILLY rose[\/vc_column_text][\/vc_column][vc_column width=\u00a0\u00bb1\/4&Prime;][vc_single_image image=\u00a0\u00bb1034&Prime; img_size=\u00a0\u00bbmedium\u00a0\u00bb onclick=\u00a0\u00bbcustom_link\u00a0\u00bb img_link=\u00a0\u00bbhttp:\/\/gardan-shop.com\/fr\/produits\/marin\/\u00a0\u00bb css=\u00a0\u00bb.vc_custom_1523789727708{background-color: #ffffff !important;}\u00a0\u00bb link=\u00a0\u00bbhttp:\/\/gardan-shop.com\/fr\/produits\/billy-fauve\/\u00a0\u00bb][vc_column_text]BILLY fauve[\/vc_column_text][\/vc_column][vc_column width=\u00a0\u00bb1\/4&Prime;][vc_single_image image=\u00a0\u00bb1041&Prime; img_size=\u00a0\u00bbmedium\u00a0\u00bb onclick=\u00a0\u00bbcustom_link\u00a0\u00bb img_link=\u00a0\u00bbhttp:\/\/gardan-shop.com\/fr\/produits\/venus\/\u00a0\u00bb css=\u00a0\u00bb.vc_custom_1523789830884{background-color: #ffffff !important;}\u00a0\u00bb link=\u00a0\u00bbhttp:\/\/gardan-shop.com\/fr\/produits\/billy-noir\/\u00a0\u00bb][vc_column_text]BILLY noir[\/vc_column_text][\/vc_column][vc_column width=\u00a0\u00bb1\/4&Prime;][vc_single_image image=\u00a0\u00bb1049&Prime; img_size=\u00a0\u00bbmedium\u00a0\u00bb onclick=\u00a0\u00bbcustom_link\u00a0\u00bb img_link=\u00a0\u00bbhttp:\/\/gardan-shop.com\/fr\/produits\/archi\/\u00a0\u00bb css=\u00a0\u00bb.vc_custom_1523789882568{background-color: #ffffff !important;}\u00a0\u00bb link=\u00a0\u00bbhttp:\/\/gardan-shop.com\/fr\/produits\/billy-pochettes\/\u00a0\u00bb][vc_column_text]BILLY Pochettes[\/vc_column_text][\/vc_column][\/vc_row][vc_row][vc_column width=\u00a0\u00bb1\/4&Prime;][vc_single_image image=\u00a0\u00bb844&Prime; img_size=\u00a0\u00bbmedium\u00a0\u00bb onclick=\u00a0\u00bbcustom_link\u00a0\u00bb img_link=\u00a0\u00bbhttp:\/\/gardan-shop.com\/fr\/produits\/ines-acajou\/\u00a0\u00bb link=\u00a0\u00bbhttp:\/\/gardan-shop.com\/fr\/produits\/ines-acajou\/\u00a0\u00bb][vc_column_text]<\/p>\n<p style=\"text-align: center;\">IN\u00c8S acajou<\/p>\n<p>[\/vc_column_text][\/vc_column][vc_column width=\u00a0\u00bb1\/4&Prime;][vc_single_image image=\u00a0\u00bb845&Prime; img_size=\u00a0\u00bbmedium\u00a0\u00bb onclick=\u00a0\u00bbcustom_link\u00a0\u00bb img_link=\u00a0\u00bbhttp:\/\/gardan-shop.com\/fr\/produits\/cleo-acajou\/\u00a0\u00bb link=\u00a0\u00bbhttp:\/\/gardan-shop.com\/fr\/produits\/cleo-acajou\/\u00a0\u00bb][vc_column_text]<\/p>\n<p style=\"text-align: center;\">CL\u00c9O acajou<\/p>\n<p>[\/vc_column_text][\/vc_column][vc_column width=\u00a0\u00bb1\/4&Prime;][vc_single_image image=\u00a0\u00bb847&Prime; img_size=\u00a0\u00bbmedium\u00a0\u00bb onclick=\u00a0\u00bbcustom_link\u00a0\u00bb img_link=\u00a0\u00bbhttp:\/\/gardan-shop.com\/fr\/produits\/ines-hetre\/\u00a0\u00bb link=\u00a0\u00bbhttp:\/\/gardan-shop.com\/fr\/produits\/ines-hetre\/\u00a0\u00bb][vc_column_text]<\/p>\n<p style=\"text-align: center;\">IN\u00c8S h\u00eatre<\/p>\n<p>[\/vc_column_text][\/vc_column][vc_column width=\u00a0\u00bb1\/4&Prime;][vc_single_image image=\u00a0\u00bb848&Prime; img_size=\u00a0\u00bbmedium\u00a0\u00bb onclick=\u00a0\u00bbcustom_link\u00a0\u00bb img_link=\u00a0\u00bbhttp:\/\/gardan-shop.com\/fr\/produits\/cleo-hetre\/\u00a0\u00bb link=\u00a0\u00bbhttp:\/\/gardan-shop.com\/fr\/produits\/cleo-hetre\/\u00a0\u00bb][vc_column_text]<\/p>\n<p style=\"text-align: center;\">CL\u00c9O h\u00eatre<\/p>\n<p>[\/vc_column_text][\/vc_column][\/vc_row][vc_row font_color=\u00a0\u00bb#ffffff\u00a0\u00bb css=\u00a0\u00bb.vc_custom_1431794053939{background-color: #ffffff !important;border-color: #ffffff !important;}\u00a0\u00bb][vc_column width=\u00a0\u00bb1\/4&Prime;][vc_single_image image=\u00a0\u00bb839&Prime; img_size=\u00a0\u00bbmedium\u00a0\u00bb onclick=\u00a0\u00bbcustom_link\u00a0\u00bb img_link=\u00a0\u00bbhttp:\/\/gardan-shop.com\/fr\/produits\/anna-ka\/\u00a0\u00bb css=\u00a0\u00bb.vc_custom_1475090715597{background-color: #ffffff !important;}\u00a0\u00bb link=\u00a0\u00bbhttp:\/\/gardan-shop.com\/fr\/produits\/anna-ka\/\u00a0\u00bb][vc_column_text]<\/p>\n<p style=\"text-align: center;\">ANNA K (6 couleurs)<\/p>\n<p>[\/vc_column_text][\/vc_column][vc_column width=\u00a0\u00bb1\/4&Prime;][vc_single_image image=\u00a0\u00bb859&Prime; img_size=\u00a0\u00bbmedium\u00a0\u00bb onclick=\u00a0\u00bbcustom_link\u00a0\u00bb img_link=\u00a0\u00bbhttp:\/\/gardan-shop.com\/fr\/produits\/marin\/\u00a0\u00bb css=\u00a0\u00bb.vc_custom_1475090785664{background-color: #ffffff !important;}\u00a0\u00bb link=\u00a0\u00bbhttp:\/\/gardan-shop.com\/fr\/produits\/marin\/\u00a0\u00bb][vc_column_text]<\/p>\n<p style=\"text-align: center;\">MARIN<\/p>\n<p>[\/vc_column_text][\/vc_column][vc_column width=\u00a0\u00bb1\/4&Prime;][vc_single_image image=\u00a0\u00bb842&Prime; img_size=\u00a0\u00bbmedium\u00a0\u00bb onclick=\u00a0\u00bbcustom_link\u00a0\u00bb img_link=\u00a0\u00bbhttp:\/\/gardan-shop.com\/fr\/produits\/venus\/\u00a0\u00bb css=\u00a0\u00bb.vc_custom_1475091189794{background-color: #ffffff !important;}\u00a0\u00bb link=\u00a0\u00bbhttp:\/\/gardan-shop.com\/fr\/produits\/venus\/\u00a0\u00bb][vc_column_text]<\/p>\n<p style=\"text-align: center;\">V\u00c9NUS<\/p>\n<p>[\/vc_column_text][\/vc_column][vc_column width=\u00a0\u00bb1\/4&Prime;][vc_single_image image=\u00a0\u00bb672&Prime; img_size=\u00a0\u00bbmedium\u00a0\u00bb onclick=\u00a0\u00bbcustom_link\u00a0\u00bb img_link=\u00a0\u00bbhttp:\/\/gardan-shop.com\/fr\/produits\/archi\/\u00a0\u00bb css=\u00a0\u00bb.vc_custom_1475091214537{background-color: #ffffff !important;}\u00a0\u00bb link=\u00a0\u00bbhttp:\/\/gardan-shop.com\/fr\/produits\/archie\/\u00a0\u00bb][vc_column_text]<\/p>\n<p style=\"text-align: center;\">ARCHIE<\/p>\n<p>[\/vc_column_text][\/vc_column][\/vc_row]<\/p>\n","protected":false},"excerpt":{"rendered":"<p>[vc_row font_color=\u00a0\u00bb#ffffff\u00a0\u00bb css=\u00a0\u00bb.vc_custom_1431794053939{background-color: #ffffff !important;border-color: #ffffff !important;}\u00a0\u00bb][vc_column width=\u00a0\u00bb1\/4&Prime;][vc_single_image image=\u00a0\u00bb1027&Prime; img_size=\u00a0\u00bbmedium\u00a0\u00bb onclick=\u00a0\u00bbcustom_link\u00a0\u00bb img_link=\u00a0\u00bbhttp:\/\/gardan-shop.com\/fr\/produits\/anna-ka\/\u00a0\u00bb css=\u00a0\u00bb.vc_custom_1523789633354{background-color: #ffffff !important;}\u00a0\u00bb link=\u00a0\u00bbhttp:\/\/gardan-shop.com\/fr\/produits\/billy-rose\/\u00a0\u00bb][vc_column_text]BILLY rose[\/vc_column_text][\/vc_column][vc_column width=\u00a0\u00bb1\/4&Prime;][vc_single_image image=\u00a0\u00bb1034&Prime; img_size=\u00a0\u00bbmedium\u00a0\u00bb onclick=\u00a0\u00bbcustom_link\u00a0\u00bb img_link=\u00a0\u00bbhttp:\/\/gardan-shop.com\/fr\/produits\/marin\/\u00a0\u00bb css=\u00a0\u00bb.vc_custom_1523789727708{background-color: #ffffff !important;}\u00a0\u00bb link=\u00a0\u00bbhttp:\/\/gardan-shop.com\/fr\/produits\/billy-fauve\/\u00a0\u00bb][vc_column_text]BILLY fauve[\/vc_column_text][\/vc_column][vc_column width=\u00a0\u00bb1\/4&Prime;][vc_single_image image=\u00a0\u00bb1041&Prime; img_size=\u00a0\u00bbmedium\u00a0\u00bb onclick=\u00a0\u00bbcustom_link\u00a0\u00bb img_link=\u00a0\u00bbhttp:\/\/gardan-shop.com\/fr\/produits\/venus\/\u00a0\u00bb css=\u00a0\u00bb.vc_custom_1523789830884{background-color: #ffffff !important;}\u00a0\u00bb link=\u00a0\u00bbhttp:\/\/gardan-shop.com\/fr\/produits\/billy-noir\/\u00a0\u00bb][vc_column_text]BILLY noir[\/vc_column_text][\/vc_column][vc_column width=\u00a0\u00bb1\/4&Prime;][vc_single_image image=\u00a0\u00bb1049&Prime; img_size=\u00a0\u00bbmedium\u00a0\u00bb onclick=\u00a0\u00bbcustom_link\u00a0\u00bb img_link=\u00a0\u00bbhttp:\/\/gardan-shop.com\/fr\/produits\/archi\/\u00a0\u00bb css=\u00a0\u00bb.vc_custom_1523789882568{background-color: #ffffff !important;}\u00a0\u00bb link=\u00a0\u00bbhttp:\/\/gardan-shop.com\/fr\/produits\/billy-pochettes\/\u00a0\u00bb][vc_column_text]BILLY Pochettes[\/vc_column_text][\/vc_column][\/vc_row][vc_row][vc_column width=\u00a0\u00bb1\/4&Prime;][vc_single_image image=\u00a0\u00bb844&Prime; img_size=\u00a0\u00bbmedium\u00a0\u00bb onclick=\u00a0\u00bbcustom_link\u00a0\u00bb img_link=\u00a0\u00bbhttp:\/\/gardan-shop.com\/fr\/produits\/ines-acajou\/\u00a0\u00bb link=\u00a0\u00bbhttp:\/\/gardan-shop.com\/fr\/produits\/ines-acajou\/\u00a0\u00bb][vc_column_text] IN\u00c8S acajou [&hellip;]<\/p>\n","protected":false},"author":1,"featured_media":0,"parent":0,"menu_order":0,"comment_status":"closed","ping_status":"closed","template":"","meta":{"footnotes":""},"yoast_head":"<!-- This site is optimized with the Yoast SEO plugin v22.7 - https:\/\/yoast.com\/wordpress\/plugins\/seo\/ -->\n<title>E-Shop - Sacs en cuir de fabrication Fran\u00e7aise<\/title>\n<meta name=\"robots\" content=\"index, follow, max-snippet:-1, max-image-preview:large, max-video-preview:-1\" \/>\n<link rel=\"canonical\" href=\"http:\/\/gardan-shop.com\/fr\/e-shop\/\" \/>\n<meta property=\"og:locale\" content=\"fr_FR\" \/>\n<meta property=\"og:type\" content=\"article\" \/>\n<meta property=\"og:title\" content=\"E-Shop - Sacs en cuir de fabrication Fran\u00e7aise\" \/>\n<meta property=\"og:description\" content=\"[vc_row font_color=\u00a0\u00bb#ffffff\u00a0\u00bb css=\u00a0\u00bb.vc_custom_1431794053939{background-color: #ffffff !important;border-color: #ffffff !important;}\u00a0\u00bb][vc_column width=\u00a0\u00bb1\/4&Prime;][vc_single_image image=\u00a0\u00bb1027&Prime; img_size=\u00a0\u00bbmedium\u00a0\u00bb onclick=\u00a0\u00bbcustom_link\u00a0\u00bb img_link=\u00a0\u00bbhttp:\/\/gardan-shop.com\/fr\/produits\/anna-ka\/\u00a0\u00bb css=\u00a0\u00bb.vc_custom_1523789633354{background-color: #ffffff !important;}\u00a0\u00bb link=\u00a0\u00bbhttp:\/\/gardan-shop.com\/fr\/produits\/billy-rose\/\u00a0\u00bb][vc_column_text]BILLY rose[\/vc_column_text][\/vc_column][vc_column width=\u00a0\u00bb1\/4&Prime;][vc_single_image image=\u00a0\u00bb1034&Prime; img_size=\u00a0\u00bbmedium\u00a0\u00bb onclick=\u00a0\u00bbcustom_link\u00a0\u00bb img_link=\u00a0\u00bbhttp:\/\/gardan-shop.com\/fr\/produits\/marin\/\u00a0\u00bb css=\u00a0\u00bb.vc_custom_1523789727708{background-color: #ffffff !important;}\u00a0\u00bb link=\u00a0\u00bbhttp:\/\/gardan-shop.com\/fr\/produits\/billy-fauve\/\u00a0\u00bb][vc_column_text]BILLY fauve[\/vc_column_text][\/vc_column][vc_column width=\u00a0\u00bb1\/4&Prime;][vc_single_image image=\u00a0\u00bb1041&Prime; img_size=\u00a0\u00bbmedium\u00a0\u00bb onclick=\u00a0\u00bbcustom_link\u00a0\u00bb img_link=\u00a0\u00bbhttp:\/\/gardan-shop.com\/fr\/produits\/venus\/\u00a0\u00bb css=\u00a0\u00bb.vc_custom_1523789830884{background-color: #ffffff !important;}\u00a0\u00bb link=\u00a0\u00bbhttp:\/\/gardan-shop.com\/fr\/produits\/billy-noir\/\u00a0\u00bb][vc_column_text]BILLY noir[\/vc_column_text][\/vc_column][vc_column width=\u00a0\u00bb1\/4&Prime;][vc_single_image image=\u00a0\u00bb1049&Prime; img_size=\u00a0\u00bbmedium\u00a0\u00bb onclick=\u00a0\u00bbcustom_link\u00a0\u00bb img_link=\u00a0\u00bbhttp:\/\/gardan-shop.com\/fr\/produits\/archi\/\u00a0\u00bb css=\u00a0\u00bb.vc_custom_1523789882568{background-color: #ffffff !important;}\u00a0\u00bb link=\u00a0\u00bbhttp:\/\/gardan-shop.com\/fr\/produits\/billy-pochettes\/\u00a0\u00bb][vc_column_text]BILLY Pochettes[\/vc_column_text][\/vc_column][\/vc_row][vc_row][vc_column width=\u00a0\u00bb1\/4&Prime;][vc_single_image image=\u00a0\u00bb844&Prime; img_size=\u00a0\u00bbmedium\u00a0\u00bb onclick=\u00a0\u00bbcustom_link\u00a0\u00bb img_link=\u00a0\u00bbhttp:\/\/gardan-shop.com\/fr\/produits\/ines-acajou\/\u00a0\u00bb link=\u00a0\u00bbhttp:\/\/gardan-shop.com\/fr\/produits\/ines-acajou\/\u00a0\u00bb][vc_column_text] IN\u00c8S acajou [&hellip;]\" \/>\n<meta property=\"og:url\" content=\"http:\/\/gardan-shop.com\/fr\/e-shop\/\" \/>\n<meta property=\"og:site_name\" content=\"Sacs en cuir de fabrication Fran\u00e7aise\" \/>\n<meta property=\"article:modified_time\" content=\"2018-04-15T11:00:09+00:00\" \/>\n<meta name=\"twitter:label1\" content=\"Dur\u00e9e de lecture estim\u00e9e\" \/>\n\t<meta name=\"twitter:data1\" content=\"3 minutes\" \/>\n<script type=\"application\/ld+json\" class=\"yoast-schema-graph\">{\"@context\":\"https:\/\/schema.org\",\"@graph\":[{\"@type\":\"WebPage\",\"@id\":\"http:\/\/gardan-shop.com\/fr\/e-shop\/\",\"url\":\"http:\/\/gardan-shop.com\/fr\/e-shop\/\",\"name\":\"E-Shop - Sacs en cuir de fabrication Fran\u00e7aise\",\"isPartOf\":{\"@id\":\"http:\/\/gardan-shop.com\/fr\/#website\"},\"datePublished\":\"2016-10-27T14:05:30+00:00\",\"dateModified\":\"2018-04-15T11:00:09+00:00\",\"breadcrumb\":{\"@id\":\"http:\/\/gardan-shop.com\/fr\/e-shop\/#breadcrumb\"},\"inLanguage\":\"fr-FR\",\"potentialAction\":[{\"@type\":\"ReadAction\",\"target\":[\"http:\/\/gardan-shop.com\/fr\/e-shop\/\"]}]},{\"@type\":\"BreadcrumbList\",\"@id\":\"http:\/\/gardan-shop.com\/fr\/e-shop\/#breadcrumb\",\"itemListElement\":[{\"@type\":\"ListItem\",\"position\":1,\"name\":\"Accueil\",\"item\":\"http:\/\/gardan-shop.com\/fr\/\"},{\"@type\":\"ListItem\",\"position\":2,\"name\":\"E-Shop\"}]},{\"@type\":\"WebSite\",\"@id\":\"http:\/\/gardan-shop.com\/fr\/#website\",\"url\":\"http:\/\/gardan-shop.com\/fr\/\",\"name\":\"Sacs en cuir de fabrication Fran\u00e7aise\",\"description\":\"Gardan-Shop\",\"potentialAction\":[{\"@type\":\"SearchAction\",\"target\":{\"@type\":\"EntryPoint\",\"urlTemplate\":\"http:\/\/gardan-shop.com\/fr\/?s={search_term_string}\"},\"query-input\":\"required name=search_term_string\"}],\"inLanguage\":\"fr-FR\"}]}<\/script>\n<!-- \/ Yoast SEO plugin. -->","yoast_head_json":{"title":"E-Shop - Sacs en cuir de fabrication Fran\u00e7aise","robots":{"index":"index","follow":"follow","max-snippet":"max-snippet:-1","max-image-preview":"max-image-preview:large","max-video-preview":"max-video-preview:-1"},"canonical":"http:\/\/gardan-shop.com\/fr\/e-shop\/","og_locale":"fr_FR","og_type":"article","og_title":"E-Shop - Sacs en cuir de fabrication Fran\u00e7aise","og_description":"[vc_row font_color=\u00a0\u00bb#ffffff\u00a0\u00bb css=\u00a0\u00bb.vc_custom_1431794053939{background-color: #ffffff !important;border-color: #ffffff !important;}\u00a0\u00bb][vc_column width=\u00a0\u00bb1\/4&Prime;][vc_single_image image=\u00a0\u00bb1027&Prime; img_size=\u00a0\u00bbmedium\u00a0\u00bb onclick=\u00a0\u00bbcustom_link\u00a0\u00bb img_link=\u00a0\u00bbhttp:\/\/gardan-shop.com\/fr\/produits\/anna-ka\/\u00a0\u00bb css=\u00a0\u00bb.vc_custom_1523789633354{background-color: #ffffff !important;}\u00a0\u00bb link=\u00a0\u00bbhttp:\/\/gardan-shop.com\/fr\/produits\/billy-rose\/\u00a0\u00bb][vc_column_text]BILLY rose[\/vc_column_text][\/vc_column][vc_column width=\u00a0\u00bb1\/4&Prime;][vc_single_image image=\u00a0\u00bb1034&Prime; img_size=\u00a0\u00bbmedium\u00a0\u00bb onclick=\u00a0\u00bbcustom_link\u00a0\u00bb img_link=\u00a0\u00bbhttp:\/\/gardan-shop.com\/fr\/produits\/marin\/\u00a0\u00bb css=\u00a0\u00bb.vc_custom_1523789727708{background-color: #ffffff !important;}\u00a0\u00bb link=\u00a0\u00bbhttp:\/\/gardan-shop.com\/fr\/produits\/billy-fauve\/\u00a0\u00bb][vc_column_text]BILLY fauve[\/vc_column_text][\/vc_column][vc_column width=\u00a0\u00bb1\/4&Prime;][vc_single_image image=\u00a0\u00bb1041&Prime; img_size=\u00a0\u00bbmedium\u00a0\u00bb onclick=\u00a0\u00bbcustom_link\u00a0\u00bb img_link=\u00a0\u00bbhttp:\/\/gardan-shop.com\/fr\/produits\/venus\/\u00a0\u00bb css=\u00a0\u00bb.vc_custom_1523789830884{background-color: #ffffff !important;}\u00a0\u00bb link=\u00a0\u00bbhttp:\/\/gardan-shop.com\/fr\/produits\/billy-noir\/\u00a0\u00bb][vc_column_text]BILLY noir[\/vc_column_text][\/vc_column][vc_column width=\u00a0\u00bb1\/4&Prime;][vc_single_image image=\u00a0\u00bb1049&Prime; img_size=\u00a0\u00bbmedium\u00a0\u00bb onclick=\u00a0\u00bbcustom_link\u00a0\u00bb img_link=\u00a0\u00bbhttp:\/\/gardan-shop.com\/fr\/produits\/archi\/\u00a0\u00bb css=\u00a0\u00bb.vc_custom_1523789882568{background-color: #ffffff !important;}\u00a0\u00bb link=\u00a0\u00bbhttp:\/\/gardan-shop.com\/fr\/produits\/billy-pochettes\/\u00a0\u00bb][vc_column_text]BILLY Pochettes[\/vc_column_text][\/vc_column][\/vc_row][vc_row][vc_column width=\u00a0\u00bb1\/4&Prime;][vc_single_image image=\u00a0\u00bb844&Prime; img_size=\u00a0\u00bbmedium\u00a0\u00bb onclick=\u00a0\u00bbcustom_link\u00a0\u00bb img_link=\u00a0\u00bbhttp:\/\/gardan-shop.com\/fr\/produits\/ines-acajou\/\u00a0\u00bb link=\u00a0\u00bbhttp:\/\/gardan-shop.com\/fr\/produits\/ines-acajou\/\u00a0\u00bb][vc_column_text] IN\u00c8S acajou [&hellip;]","og_url":"http:\/\/gardan-shop.com\/fr\/e-shop\/","og_site_name":"Sacs en cuir de fabrication Fran\u00e7aise","article_modified_time":"2018-04-15T11:00:09+00:00","twitter_misc":{"Dur\u00e9e de lecture estim\u00e9e":"3 minutes"},"schema":{"@context":"https:\/\/schema.org","@graph":[{"@type":"WebPage","@id":"http:\/\/gardan-shop.com\/fr\/e-shop\/","url":"http:\/\/gardan-shop.com\/fr\/e-shop\/","name":"E-Shop - Sacs en cuir de fabrication Fran\u00e7aise","isPartOf":{"@id":"http:\/\/gardan-shop.com\/fr\/#website"},"datePublished":"2016-10-27T14:05:30+00:00","dateModified":"2018-04-15T11:00:09+00:00","breadcrumb":{"@id":"http:\/\/gardan-shop.com\/fr\/e-shop\/#breadcrumb"},"inLanguage":"fr-FR","potentialAction":[{"@type":"ReadAction","target":["http:\/\/gardan-shop.com\/fr\/e-shop\/"]}]},{"@type":"BreadcrumbList","@id":"http:\/\/gardan-shop.com\/fr\/e-shop\/#breadcrumb","itemListElement":[{"@type":"ListItem","position":1,"name":"Accueil","item":"http:\/\/gardan-shop.com\/fr\/"},{"@type":"ListItem","position":2,"name":"E-Shop"}]},{"@type":"WebSite","@id":"http:\/\/gardan-shop.com\/fr\/#website","url":"http:\/\/gardan-shop.com\/fr\/","name":"Sacs en cuir de fabrication Fran\u00e7aise","description":"Gardan-Shop","potentialAction":[{"@type":"SearchAction","target":{"@type":"EntryPoint","urlTemplate":"http:\/\/gardan-shop.com\/fr\/?s={search_term_string}"},"query-input":"required name=search_term_string"}],"inLanguage":"fr-FR"}]}},"_links":{"self":[{"href":"http:\/\/gardan-shop.com\/fr\/wp-json\/wp\/v2\/pages\/972"}],"collection":[{"href":"http:\/\/gardan-shop.com\/fr\/wp-json\/wp\/v2\/pages"}],"about":[{"href":"http:\/\/gardan-shop.com\/fr\/wp-json\/wp\/v2\/types\/page"}],"author":[{"embeddable":true,"href":"http:\/\/gardan-shop.com\/fr\/wp-json\/wp\/v2\/users\/1"}],"replies":[{"embeddable":true,"href":"http:\/\/gardan-shop.com\/fr\/wp-json\/wp\/v2\/comments?post=972"}],"version-history":[{"count":10,"href":"http:\/\/gardan-shop.com\/fr\/wp-json\/wp\/v2\/pages\/972\/revisions"}],"predecessor-version":[{"id":1066,"href":"http:\/\/gardan-shop.com\/fr\/wp-json\/wp\/v2\/pages\/972\/revisions\/1066"}],"wp:attachment":[{"href":"http:\/\/gardan-shop.com\/fr\/wp-json\/wp\/v2\/media?parent=972"}],"curies":[{"name":"wp","href":"https:\/\/api.w.org\/{rel}","templated":true}]}}