{"id":1025,"date":"2018-04-15T11:15:08","date_gmt":"2018-04-15T10:15:08","guid":{"rendered":"http:\/\/gardan-shop.com\/fr\/?post_type=product&#038;p=1025"},"modified":"2024-05-25T07:08:44","modified_gmt":"2024-05-25T06:08:44","slug":"billy-rose","status":"publish","type":"product","link":"http:\/\/gardan-shop.com\/fr\/produits\/billy-rose\/","title":{"rendered":"BILLY rose"},"content":{"rendered":"","protected":false},"excerpt":{"rendered":"<p>&nbsp;<\/p>\n<p>Cabas<\/p>\n<p>&nbsp;<\/p>\n<p>Vendu avec sa pochette en coton<\/p>\n<p>Cuir de vachette v\u00e9ritable<\/p>\n<p>&nbsp;<\/p>\n<p>Fabriqu\u00e9 en France<\/p>\n<p><strong>\u00a0<\/strong><\/p>\n","protected":false},"featured_media":1027,"comment_status":"closed","ping_status":"closed","template":"","meta":[],"product_cat":[33],"product_tag":[],"yoast_head":"<!-- This site is optimized with the Yoast SEO plugin v22.7 - https:\/\/yoast.com\/wordpress\/plugins\/seo\/ -->\n<title>BILLY rose - Sacs en cuir de fabrication Fran\u00e7aise<\/title>\n<meta name=\"robots\" content=\"index, follow, max-snippet:-1, max-image-preview:large, max-video-preview:-1\" \/>\n<link rel=\"canonical\" href=\"http:\/\/gardan-shop.com\/fr\/produits\/billy-rose\/\" \/>\n<meta property=\"og:locale\" content=\"fr_FR\" \/>\n<meta property=\"og:type\" content=\"article\" \/>\n<meta property=\"og:title\" content=\"BILLY rose - Sacs en cuir de fabrication Fran\u00e7aise\" \/>\n<meta property=\"og:description\" content=\"&nbsp;  Cabas  &nbsp;  Vendu avec sa pochette en coton  Cuir de vachette v\u00e9ritable  &nbsp;  Fabriqu\u00e9 en France  \u00a0\" \/>\n<meta property=\"og:url\" content=\"http:\/\/gardan-shop.com\/fr\/produits\/billy-rose\/\" \/>\n<meta property=\"og:site_name\" content=\"Sacs en cuir de fabrication Fran\u00e7aise\" \/>\n<meta property=\"article:modified_time\" content=\"2024-05-25T06:08:44+00:00\" \/>\n<meta property=\"og:image\" content=\"http:\/\/gardan-shop.com\/fr\/wp-content\/uploads\/sites\/2\/2018\/04\/0-GARDAN-Maroquinerie-.jpg\" \/>\n\t<meta property=\"og:image:width\" content=\"640\" \/>\n\t<meta property=\"og:image:height\" content=\"480\" \/>\n\t<meta property=\"og:image:type\" content=\"image\/jpeg\" \/>\n<meta name=\"twitter:label1\" content=\"Dur\u00e9e de lecture estim\u00e9e\" \/>\n\t<meta name=\"twitter:data1\" content=\"1 minute\" \/>\n<script type=\"application\/ld+json\" class=\"yoast-schema-graph\">{\"@context\":\"https:\/\/schema.org\",\"@graph\":[{\"@type\":\"WebPage\",\"@id\":\"http:\/\/gardan-shop.com\/fr\/produits\/billy-rose\/\",\"url\":\"http:\/\/gardan-shop.com\/fr\/produits\/billy-rose\/\",\"name\":\"BILLY rose - Sacs en cuir de fabrication Fran\u00e7aise\",\"isPartOf\":{\"@id\":\"http:\/\/gardan-shop.com\/fr\/#website\"},\"primaryImageOfPage\":{\"@id\":\"http:\/\/gardan-shop.com\/fr\/produits\/billy-rose\/#primaryimage\"},\"image\":{\"@id\":\"http:\/\/gardan-shop.com\/fr\/produits\/billy-rose\/#primaryimage\"},\"thumbnailUrl\":\"http:\/\/gardan-shop.com\/fr\/wp-content\/uploads\/sites\/2\/2018\/04\/0-GARDAN-Maroquinerie-.jpg\",\"datePublished\":\"2018-04-15T10:15:08+00:00\",\"dateModified\":\"2024-05-25T06:08:44+00:00\",\"breadcrumb\":{\"@id\":\"http:\/\/gardan-shop.com\/fr\/produits\/billy-rose\/#breadcrumb\"},\"inLanguage\":\"fr-FR\",\"potentialAction\":[{\"@type\":\"ReadAction\",\"target\":[\"http:\/\/gardan-shop.com\/fr\/produits\/billy-rose\/\"]}]},{\"@type\":\"ImageObject\",\"inLanguage\":\"fr-FR\",\"@id\":\"http:\/\/gardan-shop.com\/fr\/produits\/billy-rose\/#primaryimage\",\"url\":\"http:\/\/gardan-shop.com\/fr\/wp-content\/uploads\/sites\/2\/2018\/04\/0-GARDAN-Maroquinerie-.jpg\",\"contentUrl\":\"http:\/\/gardan-shop.com\/fr\/wp-content\/uploads\/sites\/2\/2018\/04\/0-GARDAN-Maroquinerie-.jpg\",\"width\":640,\"height\":480},{\"@type\":\"BreadcrumbList\",\"@id\":\"http:\/\/gardan-shop.com\/fr\/produits\/billy-rose\/#breadcrumb\",\"itemListElement\":[{\"@type\":\"ListItem\",\"position\":1,\"name\":\"Accueil\",\"item\":\"http:\/\/gardan-shop.com\/fr\/\"},{\"@type\":\"ListItem\",\"position\":2,\"name\":\"BILLY rose\"}]},{\"@type\":\"WebSite\",\"@id\":\"http:\/\/gardan-shop.com\/fr\/#website\",\"url\":\"http:\/\/gardan-shop.com\/fr\/\",\"name\":\"Sacs en cuir de fabrication Fran\u00e7aise\",\"description\":\"Gardan-Shop\",\"potentialAction\":[{\"@type\":\"SearchAction\",\"target\":{\"@type\":\"EntryPoint\",\"urlTemplate\":\"http:\/\/gardan-shop.com\/fr\/?s={search_term_string}\"},\"query-input\":\"required name=search_term_string\"}],\"inLanguage\":\"fr-FR\"}]}<\/script>\n<!-- \/ Yoast SEO plugin. -->","yoast_head_json":{"title":"BILLY rose - Sacs en cuir de fabrication Fran\u00e7aise","robots":{"index":"index","follow":"follow","max-snippet":"max-snippet:-1","max-image-preview":"max-image-preview:large","max-video-preview":"max-video-preview:-1"},"canonical":"http:\/\/gardan-shop.com\/fr\/produits\/billy-rose\/","og_locale":"fr_FR","og_type":"article","og_title":"BILLY rose - Sacs en cuir de fabrication Fran\u00e7aise","og_description":"&nbsp;  Cabas  &nbsp;  Vendu avec sa pochette en coton  Cuir de vachette v\u00e9ritable  &nbsp;  Fabriqu\u00e9 en France  \u00a0","og_url":"http:\/\/gardan-shop.com\/fr\/produits\/billy-rose\/","og_site_name":"Sacs en cuir de fabrication Fran\u00e7aise","article_modified_time":"2024-05-25T06:08:44+00:00","og_image":[{"width":640,"height":480,"url":"http:\/\/gardan-shop.com\/fr\/wp-content\/uploads\/sites\/2\/2018\/04\/0-GARDAN-Maroquinerie-.jpg","type":"image\/jpeg"}],"twitter_misc":{"Dur\u00e9e de lecture estim\u00e9e":"1 minute"},"schema":{"@context":"https:\/\/schema.org","@graph":[{"@type":"WebPage","@id":"http:\/\/gardan-shop.com\/fr\/produits\/billy-rose\/","url":"http:\/\/gardan-shop.com\/fr\/produits\/billy-rose\/","name":"BILLY rose - Sacs en cuir de fabrication Fran\u00e7aise","isPartOf":{"@id":"http:\/\/gardan-shop.com\/fr\/#website"},"primaryImageOfPage":{"@id":"http:\/\/gardan-shop.com\/fr\/produits\/billy-rose\/#primaryimage"},"image":{"@id":"http:\/\/gardan-shop.com\/fr\/produits\/billy-rose\/#primaryimage"},"thumbnailUrl":"http:\/\/gardan-shop.com\/fr\/wp-content\/uploads\/sites\/2\/2018\/04\/0-GARDAN-Maroquinerie-.jpg","datePublished":"2018-04-15T10:15:08+00:00","dateModified":"2024-05-25T06:08:44+00:00","breadcrumb":{"@id":"http:\/\/gardan-shop.com\/fr\/produits\/billy-rose\/#breadcrumb"},"inLanguage":"fr-FR","potentialAction":[{"@type":"ReadAction","target":["http:\/\/gardan-shop.com\/fr\/produits\/billy-rose\/"]}]},{"@type":"ImageObject","inLanguage":"fr-FR","@id":"http:\/\/gardan-shop.com\/fr\/produits\/billy-rose\/#primaryimage","url":"http:\/\/gardan-shop.com\/fr\/wp-content\/uploads\/sites\/2\/2018\/04\/0-GARDAN-Maroquinerie-.jpg","contentUrl":"http:\/\/gardan-shop.com\/fr\/wp-content\/uploads\/sites\/2\/2018\/04\/0-GARDAN-Maroquinerie-.jpg","width":640,"height":480},{"@type":"BreadcrumbList","@id":"http:\/\/gardan-shop.com\/fr\/produits\/billy-rose\/#breadcrumb","itemListElement":[{"@type":"ListItem","position":1,"name":"Accueil","item":"http:\/\/gardan-shop.com\/fr\/"},{"@type":"ListItem","position":2,"name":"BILLY rose"}]},{"@type":"WebSite","@id":"http:\/\/gardan-shop.com\/fr\/#website","url":"http:\/\/gardan-shop.com\/fr\/","name":"Sacs en cuir de fabrication Fran\u00e7aise","description":"Gardan-Shop","potentialAction":[{"@type":"SearchAction","target":{"@type":"EntryPoint","urlTemplate":"http:\/\/gardan-shop.com\/fr\/?s={search_term_string}"},"query-input":"required name=search_term_string"}],"inLanguage":"fr-FR"}]}},"_links":{"self":[{"href":"http:\/\/gardan-shop.com\/fr\/wp-json\/wp\/v2\/product\/1025"}],"collection":[{"href":"http:\/\/gardan-shop.com\/fr\/wp-json\/wp\/v2\/product"}],"about":[{"href":"http:\/\/gardan-shop.com\/fr\/wp-json\/wp\/v2\/types\/product"}],"replies":[{"embeddable":true,"href":"http:\/\/gardan-shop.com\/fr\/wp-json\/wp\/v2\/comments?post=1025"}],"wp:featuredmedia":[{"embeddable":true,"href":"http:\/\/gardan-shop.com\/fr\/wp-json\/wp\/v2\/media\/1027"}],"wp:attachment":[{"href":"http:\/\/gardan-shop.com\/fr\/wp-json\/wp\/v2\/media?parent=1025"}],"wp:term":[{"taxonomy":"product_cat","embeddable":true,"href":"http:\/\/gardan-shop.com\/fr\/wp-json\/wp\/v2\/product_cat?post=1025"},{"taxonomy":"product_tag","embeddable":true,"href":"http:\/\/gardan-shop.com\/fr\/wp-json\/wp\/v2\/product_tag?post=1025"}],"curies":[{"name":"wp","href":"https:\/\/api.w.org\/{rel}","templated":true}]}}