{"id":104,"date":"2015-04-13T14:50:25","date_gmt":"2015-04-13T13:50:25","guid":{"rendered":"http:\/\/gardan-shop.com\/fr\/?post_type=product&#038;p=104"},"modified":"2024-05-25T07:17:24","modified_gmt":"2024-05-25T06:17:24","slug":"anna-ka","status":"publish","type":"product","link":"http:\/\/gardan-shop.com\/fr\/produits\/anna-ka\/","title":{"rendered":"ANNA K"},"content":{"rendered":"<p>Sac en cuir \u00e0 bandouli\u00e8re \u00e0 la fois classique et original de par sa nouvelle fonctionnalit\u00e9.<\/p>\n<p>V\u00e9ritable cocon, ce sac vous suivra partout.<\/p>\n<p>&nbsp;<\/p>\n<p>&nbsp;<\/p>\n","protected":false},"excerpt":{"rendered":"<p>&nbsp;<\/p>\n<p>Sac \u00e0 bandouli\u00e8re \u00e0 la fois classique et original de par sa nouvelle fonctionnalit\u00e9.<\/p>\n<p>Le rabat du sac contient un manchon en fourrure qui permet d&rsquo;y glisser ses mains.<\/p>\n<p>V\u00e9ritable cocon, ce sac vous suivra partout.<\/p>\n<p>&nbsp;<\/p>\n<p><strong>Caract\u00e9ristiques :<\/strong><br \/>\nFermeture par un rabat en cuir aimant\u00e9<br \/>\nInt\u00e9rieur rabat en fourrure (6 coloris au choix)<br \/>\nBandouli\u00e8re d&rsquo;\u00e9paule en cuir r\u00e9glable<br \/>\nPoche int\u00e9rieure zipp\u00e9e plaqu\u00e9e de 2 pochettes<br \/>\nPorte crayons<br \/>\nDimensions: H: 18,5 x L: 27 x P: 6 cm<\/p>\n<p>&nbsp;<\/p>\n<p>Cuir de vachette v\u00e9ritable<br \/>\nFourrure en lapin<\/p>\n<p>&nbsp;<\/p>\n<p>Fabriqu\u00e9 en France<\/p>\n<p><strong>\u00a0<\/strong><\/p>\n","protected":false},"featured_media":834,"comment_status":"open","ping_status":"closed","template":"","meta":[],"product_cat":[33],"product_tag":[],"yoast_head":"<!-- This site is optimized with the Yoast SEO plugin v22.7 - https:\/\/yoast.com\/wordpress\/plugins\/seo\/ -->\n<title>ANNA K - Sacs en cuir de fabrication Fran\u00e7aise<\/title>\n<meta name=\"description\" content=\"Sac en cuir noir \u00e0 bandouli\u00e8re, \u00e0 la fois classique et original de part sa nouvelle fonctionnalit\u00e9. V\u00e9ritable cocon, ce sac vous suivra partout. Fabrication fran\u00e7aise\" \/>\n<meta name=\"robots\" content=\"index, follow, max-snippet:-1, max-image-preview:large, max-video-preview:-1\" \/>\n<link rel=\"canonical\" href=\"http:\/\/gardan-shop.com\/fr\/produits\/anna-ka\/\" \/>\n<meta property=\"og:locale\" content=\"fr_FR\" \/>\n<meta property=\"og:type\" content=\"article\" \/>\n<meta property=\"og:title\" content=\"ANNA K - Sacs en cuir de fabrication Fran\u00e7aise\" \/>\n<meta property=\"og:description\" content=\"Sac en cuir noir \u00e0 bandouli\u00e8re, \u00e0 la fois classique et original de part sa nouvelle fonctionnalit\u00e9. V\u00e9ritable cocon, ce sac vous suivra partout. Fabrication fran\u00e7aise\" \/>\n<meta property=\"og:url\" content=\"http:\/\/gardan-shop.com\/fr\/produits\/anna-ka\/\" \/>\n<meta property=\"og:site_name\" content=\"Sacs en cuir de fabrication Fran\u00e7aise\" \/>\n<meta property=\"article:modified_time\" content=\"2024-05-25T06:17:24+00:00\" \/>\n<meta property=\"og:image\" content=\"http:\/\/gardan-shop.com\/fr\/wp-content\/uploads\/sites\/2\/2015\/04\/Sac-en-cuir-ANNA-K-23.jpg\" \/>\n\t<meta property=\"og:image:width\" content=\"640\" \/>\n\t<meta property=\"og:image:height\" content=\"480\" \/>\n\t<meta property=\"og:image:type\" content=\"image\/jpeg\" \/>\n<meta name=\"twitter:label1\" content=\"Dur\u00e9e de lecture estim\u00e9e\" \/>\n\t<meta name=\"twitter:data1\" content=\"1 minute\" \/>\n<script type=\"application\/ld+json\" class=\"yoast-schema-graph\">{\"@context\":\"https:\/\/schema.org\",\"@graph\":[{\"@type\":\"WebPage\",\"@id\":\"http:\/\/gardan-shop.com\/fr\/produits\/anna-ka\/\",\"url\":\"http:\/\/gardan-shop.com\/fr\/produits\/anna-ka\/\",\"name\":\"ANNA K - Sacs en cuir de fabrication Fran\u00e7aise\",\"isPartOf\":{\"@id\":\"http:\/\/gardan-shop.com\/fr\/#website\"},\"primaryImageOfPage\":{\"@id\":\"http:\/\/gardan-shop.com\/fr\/produits\/anna-ka\/#primaryimage\"},\"image\":{\"@id\":\"http:\/\/gardan-shop.com\/fr\/produits\/anna-ka\/#primaryimage\"},\"thumbnailUrl\":\"http:\/\/gardan-shop.com\/fr\/wp-content\/uploads\/sites\/2\/2015\/04\/Sac-en-cuir-ANNA-K-23.jpg\",\"datePublished\":\"2015-04-13T13:50:25+00:00\",\"dateModified\":\"2024-05-25T06:17:24+00:00\",\"description\":\"Sac en cuir noir \u00e0 bandouli\u00e8re, \u00e0 la fois classique et original de part sa nouvelle fonctionnalit\u00e9. V\u00e9ritable cocon, ce sac vous suivra partout. Fabrication fran\u00e7aise\",\"breadcrumb\":{\"@id\":\"http:\/\/gardan-shop.com\/fr\/produits\/anna-ka\/#breadcrumb\"},\"inLanguage\":\"fr-FR\",\"potentialAction\":[{\"@type\":\"ReadAction\",\"target\":[\"http:\/\/gardan-shop.com\/fr\/produits\/anna-ka\/\"]}]},{\"@type\":\"ImageObject\",\"inLanguage\":\"fr-FR\",\"@id\":\"http:\/\/gardan-shop.com\/fr\/produits\/anna-ka\/#primaryimage\",\"url\":\"http:\/\/gardan-shop.com\/fr\/wp-content\/uploads\/sites\/2\/2015\/04\/Sac-en-cuir-ANNA-K-23.jpg\",\"contentUrl\":\"http:\/\/gardan-shop.com\/fr\/wp-content\/uploads\/sites\/2\/2015\/04\/Sac-en-cuir-ANNA-K-23.jpg\",\"width\":640,\"height\":480},{\"@type\":\"BreadcrumbList\",\"@id\":\"http:\/\/gardan-shop.com\/fr\/produits\/anna-ka\/#breadcrumb\",\"itemListElement\":[{\"@type\":\"ListItem\",\"position\":1,\"name\":\"Accueil\",\"item\":\"http:\/\/gardan-shop.com\/fr\/\"},{\"@type\":\"ListItem\",\"position\":2,\"name\":\"ANNA K\"}]},{\"@type\":\"WebSite\",\"@id\":\"http:\/\/gardan-shop.com\/fr\/#website\",\"url\":\"http:\/\/gardan-shop.com\/fr\/\",\"name\":\"Sacs en cuir de fabrication Fran\u00e7aise\",\"description\":\"Gardan-Shop\",\"potentialAction\":[{\"@type\":\"SearchAction\",\"target\":{\"@type\":\"EntryPoint\",\"urlTemplate\":\"http:\/\/gardan-shop.com\/fr\/?s={search_term_string}\"},\"query-input\":\"required name=search_term_string\"}],\"inLanguage\":\"fr-FR\"}]}<\/script>\n<!-- \/ Yoast SEO plugin. -->","yoast_head_json":{"title":"ANNA K - Sacs en cuir de fabrication Fran\u00e7aise","description":"Sac en cuir noir \u00e0 bandouli\u00e8re, \u00e0 la fois classique et original de part sa nouvelle fonctionnalit\u00e9. V\u00e9ritable cocon, ce sac vous suivra partout. Fabrication fran\u00e7aise","robots":{"index":"index","follow":"follow","max-snippet":"max-snippet:-1","max-image-preview":"max-image-preview:large","max-video-preview":"max-video-preview:-1"},"canonical":"http:\/\/gardan-shop.com\/fr\/produits\/anna-ka\/","og_locale":"fr_FR","og_type":"article","og_title":"ANNA K - Sacs en cuir de fabrication Fran\u00e7aise","og_description":"Sac en cuir noir \u00e0 bandouli\u00e8re, \u00e0 la fois classique et original de part sa nouvelle fonctionnalit\u00e9. V\u00e9ritable cocon, ce sac vous suivra partout. Fabrication fran\u00e7aise","og_url":"http:\/\/gardan-shop.com\/fr\/produits\/anna-ka\/","og_site_name":"Sacs en cuir de fabrication Fran\u00e7aise","article_modified_time":"2024-05-25T06:17:24+00:00","og_image":[{"width":640,"height":480,"url":"http:\/\/gardan-shop.com\/fr\/wp-content\/uploads\/sites\/2\/2015\/04\/Sac-en-cuir-ANNA-K-23.jpg","type":"image\/jpeg"}],"twitter_misc":{"Dur\u00e9e de lecture estim\u00e9e":"1 minute"},"schema":{"@context":"https:\/\/schema.org","@graph":[{"@type":"WebPage","@id":"http:\/\/gardan-shop.com\/fr\/produits\/anna-ka\/","url":"http:\/\/gardan-shop.com\/fr\/produits\/anna-ka\/","name":"ANNA K - Sacs en cuir de fabrication Fran\u00e7aise","isPartOf":{"@id":"http:\/\/gardan-shop.com\/fr\/#website"},"primaryImageOfPage":{"@id":"http:\/\/gardan-shop.com\/fr\/produits\/anna-ka\/#primaryimage"},"image":{"@id":"http:\/\/gardan-shop.com\/fr\/produits\/anna-ka\/#primaryimage"},"thumbnailUrl":"http:\/\/gardan-shop.com\/fr\/wp-content\/uploads\/sites\/2\/2015\/04\/Sac-en-cuir-ANNA-K-23.jpg","datePublished":"2015-04-13T13:50:25+00:00","dateModified":"2024-05-25T06:17:24+00:00","description":"Sac en cuir noir \u00e0 bandouli\u00e8re, \u00e0 la fois classique et original de part sa nouvelle fonctionnalit\u00e9. V\u00e9ritable cocon, ce sac vous suivra partout. Fabrication fran\u00e7aise","breadcrumb":{"@id":"http:\/\/gardan-shop.com\/fr\/produits\/anna-ka\/#breadcrumb"},"inLanguage":"fr-FR","potentialAction":[{"@type":"ReadAction","target":["http:\/\/gardan-shop.com\/fr\/produits\/anna-ka\/"]}]},{"@type":"ImageObject","inLanguage":"fr-FR","@id":"http:\/\/gardan-shop.com\/fr\/produits\/anna-ka\/#primaryimage","url":"http:\/\/gardan-shop.com\/fr\/wp-content\/uploads\/sites\/2\/2015\/04\/Sac-en-cuir-ANNA-K-23.jpg","contentUrl":"http:\/\/gardan-shop.com\/fr\/wp-content\/uploads\/sites\/2\/2015\/04\/Sac-en-cuir-ANNA-K-23.jpg","width":640,"height":480},{"@type":"BreadcrumbList","@id":"http:\/\/gardan-shop.com\/fr\/produits\/anna-ka\/#breadcrumb","itemListElement":[{"@type":"ListItem","position":1,"name":"Accueil","item":"http:\/\/gardan-shop.com\/fr\/"},{"@type":"ListItem","position":2,"name":"ANNA K"}]},{"@type":"WebSite","@id":"http:\/\/gardan-shop.com\/fr\/#website","url":"http:\/\/gardan-shop.com\/fr\/","name":"Sacs en cuir de fabrication Fran\u00e7aise","description":"Gardan-Shop","potentialAction":[{"@type":"SearchAction","target":{"@type":"EntryPoint","urlTemplate":"http:\/\/gardan-shop.com\/fr\/?s={search_term_string}"},"query-input":"required name=search_term_string"}],"inLanguage":"fr-FR"}]}},"_links":{"self":[{"href":"http:\/\/gardan-shop.com\/fr\/wp-json\/wp\/v2\/product\/104"}],"collection":[{"href":"http:\/\/gardan-shop.com\/fr\/wp-json\/wp\/v2\/product"}],"about":[{"href":"http:\/\/gardan-shop.com\/fr\/wp-json\/wp\/v2\/types\/product"}],"replies":[{"embeddable":true,"href":"http:\/\/gardan-shop.com\/fr\/wp-json\/wp\/v2\/comments?post=104"}],"wp:featuredmedia":[{"embeddable":true,"href":"http:\/\/gardan-shop.com\/fr\/wp-json\/wp\/v2\/media\/834"}],"wp:attachment":[{"href":"http:\/\/gardan-shop.com\/fr\/wp-json\/wp\/v2\/media?parent=104"}],"wp:term":[{"taxonomy":"product_cat","embeddable":true,"href":"http:\/\/gardan-shop.com\/fr\/wp-json\/wp\/v2\/product_cat?post=104"},{"taxonomy":"product_tag","embeddable":true,"href":"http:\/\/gardan-shop.com\/fr\/wp-json\/wp\/v2\/product_tag?post=104"}],"curies":[{"name":"wp","href":"https:\/\/api.w.org\/{rel}","templated":true}]}}