{"id":515,"date":"2015-04-30T22:29:54","date_gmt":"2015-04-30T21:29:54","guid":{"rendered":"http:\/\/gardan-shop.com\/fr\/?post_type=product&#038;p=515"},"modified":"2024-04-22T15:42:54","modified_gmt":"2024-04-22T14:42:54","slug":"venus","status":"publish","type":"product","link":"http:\/\/gardan-shop.com\/fr\/produits\/venus\/","title":{"rendered":"VENUS"},"content":{"rendered":"<p>Chic et fonctionnel, ce sac de capacit\u00e9 moyenne permet une grande praticit\u00e9 de rangement avec ses deux compartiments s\u00e9par\u00e9. Id\u00e9al pour vous accompagner de jour comme en soir\u00e9es.<\/p>\n<p>&nbsp;<\/p>\n","protected":false},"excerpt":{"rendered":"<p>Produit \u00e9puis\u00e9<\/p>\n<p>&nbsp;<\/p>\n<p>Chic et fonctionnel, ce sac de capacit\u00e9 moyenne permet une grande praticit\u00e9 de rangement avec ses deux compartiments s\u00e9par\u00e9s.<\/p>\n<p>Id\u00e9al pour vous accompagner de jour comme en soir\u00e9e pour laquelle il se transforme en pochette.<\/p>\n<p>&nbsp;<\/p>\n<p><strong>Caract\u00e9ristiques\u00a0:<\/strong><br \/>\nDeux compartiments zipp\u00e9s<\/p>\n<p>Deux pochettes int\u00e9rieures plaqu\u00e9es<br \/>\nCompartiment central en fourrure (4 coloris au choix)<br \/>\nBandouli\u00e8re d&rsquo;\u00e9paule en cuir r\u00e9glable et amovible<br \/>\nPorte crayons<br \/>\nDimensions: H: 18 x L: 27 x P: 6 cm<\/p>\n<p>&nbsp;<\/p>\n<p>Cuir de vachette v\u00e9ritable<br \/>\nFourrure\u00a0en lapin<\/p>\n<p>&nbsp;<\/p>\n<p>Fabriqu\u00e9 en France<\/p>\n<p>&nbsp;<\/p>\n","protected":false},"featured_media":657,"comment_status":"open","ping_status":"closed","template":"","meta":[],"product_cat":[33],"product_tag":[],"yoast_head":"<!-- This site is optimized with the Yoast SEO plugin v22.7 - https:\/\/yoast.com\/wordpress\/plugins\/seo\/ -->\n<title>VENUS - Sacs en cuir de fabrication Fran\u00e7aise<\/title>\n<meta name=\"description\" content=\"Chic et fonctionnel, ce sac de capacit\u00e9 moyenne permet une grande praticit\u00e9 de rangement avec ses deux compartiments s\u00e9par\u00e9.\" \/>\n<meta name=\"robots\" content=\"index, follow, max-snippet:-1, max-image-preview:large, max-video-preview:-1\" \/>\n<link rel=\"canonical\" href=\"http:\/\/gardan-shop.com\/fr\/produits\/venus\/\" \/>\n<meta property=\"og:locale\" content=\"fr_FR\" \/>\n<meta property=\"og:type\" content=\"article\" \/>\n<meta property=\"og:title\" content=\"VENUS - Sacs en cuir de fabrication Fran\u00e7aise\" \/>\n<meta property=\"og:description\" content=\"Chic et fonctionnel, ce sac de capacit\u00e9 moyenne permet une grande praticit\u00e9 de rangement avec ses deux compartiments s\u00e9par\u00e9.\" \/>\n<meta property=\"og:url\" content=\"http:\/\/gardan-shop.com\/fr\/produits\/venus\/\" \/>\n<meta property=\"og:site_name\" content=\"Sacs en cuir de fabrication Fran\u00e7aise\" \/>\n<meta property=\"article:modified_time\" content=\"2024-04-22T14:42:54+00:00\" \/>\n<meta property=\"og:image\" content=\"http:\/\/gardan-shop.com\/fr\/wp-content\/uploads\/sites\/2\/2015\/04\/Sac-en-cuir-VENUS-2.jpg\" \/>\n\t<meta property=\"og:image:width\" content=\"640\" \/>\n\t<meta property=\"og:image:height\" content=\"480\" \/>\n\t<meta property=\"og:image:type\" content=\"image\/jpeg\" \/>\n<script type=\"application\/ld+json\" class=\"yoast-schema-graph\">{\"@context\":\"https:\/\/schema.org\",\"@graph\":[{\"@type\":\"WebPage\",\"@id\":\"http:\/\/gardan-shop.com\/fr\/produits\/venus\/\",\"url\":\"http:\/\/gardan-shop.com\/fr\/produits\/venus\/\",\"name\":\"VENUS - Sacs en cuir de fabrication Fran\u00e7aise\",\"isPartOf\":{\"@id\":\"http:\/\/gardan-shop.com\/fr\/#website\"},\"primaryImageOfPage\":{\"@id\":\"http:\/\/gardan-shop.com\/fr\/produits\/venus\/#primaryimage\"},\"image\":{\"@id\":\"http:\/\/gardan-shop.com\/fr\/produits\/venus\/#primaryimage\"},\"thumbnailUrl\":\"http:\/\/gardan-shop.com\/fr\/wp-content\/uploads\/sites\/2\/2015\/04\/Sac-en-cuir-VENUS-2.jpg\",\"datePublished\":\"2015-04-30T21:29:54+00:00\",\"dateModified\":\"2024-04-22T14:42:54+00:00\",\"description\":\"Chic et fonctionnel, ce sac de capacit\u00e9 moyenne permet une grande praticit\u00e9 de rangement avec ses deux compartiments s\u00e9par\u00e9.\",\"breadcrumb\":{\"@id\":\"http:\/\/gardan-shop.com\/fr\/produits\/venus\/#breadcrumb\"},\"inLanguage\":\"fr-FR\",\"potentialAction\":[{\"@type\":\"ReadAction\",\"target\":[\"http:\/\/gardan-shop.com\/fr\/produits\/venus\/\"]}]},{\"@type\":\"ImageObject\",\"inLanguage\":\"fr-FR\",\"@id\":\"http:\/\/gardan-shop.com\/fr\/produits\/venus\/#primaryimage\",\"url\":\"http:\/\/gardan-shop.com\/fr\/wp-content\/uploads\/sites\/2\/2015\/04\/Sac-en-cuir-VENUS-2.jpg\",\"contentUrl\":\"http:\/\/gardan-shop.com\/fr\/wp-content\/uploads\/sites\/2\/2015\/04\/Sac-en-cuir-VENUS-2.jpg\",\"width\":640,\"height\":480},{\"@type\":\"BreadcrumbList\",\"@id\":\"http:\/\/gardan-shop.com\/fr\/produits\/venus\/#breadcrumb\",\"itemListElement\":[{\"@type\":\"ListItem\",\"position\":1,\"name\":\"Accueil\",\"item\":\"http:\/\/gardan-shop.com\/fr\/\"},{\"@type\":\"ListItem\",\"position\":2,\"name\":\"VENUS\"}]},{\"@type\":\"WebSite\",\"@id\":\"http:\/\/gardan-shop.com\/fr\/#website\",\"url\":\"http:\/\/gardan-shop.com\/fr\/\",\"name\":\"Sacs en cuir de fabrication Fran\u00e7aise\",\"description\":\"Gardan-Shop\",\"potentialAction\":[{\"@type\":\"SearchAction\",\"target\":{\"@type\":\"EntryPoint\",\"urlTemplate\":\"http:\/\/gardan-shop.com\/fr\/?s={search_term_string}\"},\"query-input\":\"required name=search_term_string\"}],\"inLanguage\":\"fr-FR\"}]}<\/script>\n<!-- \/ Yoast SEO plugin. -->","yoast_head_json":{"title":"VENUS - Sacs en cuir de fabrication Fran\u00e7aise","description":"Chic et fonctionnel, ce sac de capacit\u00e9 moyenne permet une grande praticit\u00e9 de rangement avec ses deux compartiments s\u00e9par\u00e9.","robots":{"index":"index","follow":"follow","max-snippet":"max-snippet:-1","max-image-preview":"max-image-preview:large","max-video-preview":"max-video-preview:-1"},"canonical":"http:\/\/gardan-shop.com\/fr\/produits\/venus\/","og_locale":"fr_FR","og_type":"article","og_title":"VENUS - Sacs en cuir de fabrication Fran\u00e7aise","og_description":"Chic et fonctionnel, ce sac de capacit\u00e9 moyenne permet une grande praticit\u00e9 de rangement avec ses deux compartiments s\u00e9par\u00e9.","og_url":"http:\/\/gardan-shop.com\/fr\/produits\/venus\/","og_site_name":"Sacs en cuir de fabrication Fran\u00e7aise","article_modified_time":"2024-04-22T14:42:54+00:00","og_image":[{"width":640,"height":480,"url":"http:\/\/gardan-shop.com\/fr\/wp-content\/uploads\/sites\/2\/2015\/04\/Sac-en-cuir-VENUS-2.jpg","type":"image\/jpeg"}],"schema":{"@context":"https:\/\/schema.org","@graph":[{"@type":"WebPage","@id":"http:\/\/gardan-shop.com\/fr\/produits\/venus\/","url":"http:\/\/gardan-shop.com\/fr\/produits\/venus\/","name":"VENUS - Sacs en cuir de fabrication Fran\u00e7aise","isPartOf":{"@id":"http:\/\/gardan-shop.com\/fr\/#website"},"primaryImageOfPage":{"@id":"http:\/\/gardan-shop.com\/fr\/produits\/venus\/#primaryimage"},"image":{"@id":"http:\/\/gardan-shop.com\/fr\/produits\/venus\/#primaryimage"},"thumbnailUrl":"http:\/\/gardan-shop.com\/fr\/wp-content\/uploads\/sites\/2\/2015\/04\/Sac-en-cuir-VENUS-2.jpg","datePublished":"2015-04-30T21:29:54+00:00","dateModified":"2024-04-22T14:42:54+00:00","description":"Chic et fonctionnel, ce sac de capacit\u00e9 moyenne permet une grande praticit\u00e9 de rangement avec ses deux compartiments s\u00e9par\u00e9.","breadcrumb":{"@id":"http:\/\/gardan-shop.com\/fr\/produits\/venus\/#breadcrumb"},"inLanguage":"fr-FR","potentialAction":[{"@type":"ReadAction","target":["http:\/\/gardan-shop.com\/fr\/produits\/venus\/"]}]},{"@type":"ImageObject","inLanguage":"fr-FR","@id":"http:\/\/gardan-shop.com\/fr\/produits\/venus\/#primaryimage","url":"http:\/\/gardan-shop.com\/fr\/wp-content\/uploads\/sites\/2\/2015\/04\/Sac-en-cuir-VENUS-2.jpg","contentUrl":"http:\/\/gardan-shop.com\/fr\/wp-content\/uploads\/sites\/2\/2015\/04\/Sac-en-cuir-VENUS-2.jpg","width":640,"height":480},{"@type":"BreadcrumbList","@id":"http:\/\/gardan-shop.com\/fr\/produits\/venus\/#breadcrumb","itemListElement":[{"@type":"ListItem","position":1,"name":"Accueil","item":"http:\/\/gardan-shop.com\/fr\/"},{"@type":"ListItem","position":2,"name":"VENUS"}]},{"@type":"WebSite","@id":"http:\/\/gardan-shop.com\/fr\/#website","url":"http:\/\/gardan-shop.com\/fr\/","name":"Sacs en cuir de fabrication Fran\u00e7aise","description":"Gardan-Shop","potentialAction":[{"@type":"SearchAction","target":{"@type":"EntryPoint","urlTemplate":"http:\/\/gardan-shop.com\/fr\/?s={search_term_string}"},"query-input":"required name=search_term_string"}],"inLanguage":"fr-FR"}]}},"_links":{"self":[{"href":"http:\/\/gardan-shop.com\/fr\/wp-json\/wp\/v2\/product\/515"}],"collection":[{"href":"http:\/\/gardan-shop.com\/fr\/wp-json\/wp\/v2\/product"}],"about":[{"href":"http:\/\/gardan-shop.com\/fr\/wp-json\/wp\/v2\/types\/product"}],"replies":[{"embeddable":true,"href":"http:\/\/gardan-shop.com\/fr\/wp-json\/wp\/v2\/comments?post=515"}],"wp:featuredmedia":[{"embeddable":true,"href":"http:\/\/gardan-shop.com\/fr\/wp-json\/wp\/v2\/media\/657"}],"wp:attachment":[{"href":"http:\/\/gardan-shop.com\/fr\/wp-json\/wp\/v2\/media?parent=515"}],"wp:term":[{"taxonomy":"product_cat","embeddable":true,"href":"http:\/\/gardan-shop.com\/fr\/wp-json\/wp\/v2\/product_cat?post=515"},{"taxonomy":"product_tag","embeddable":true,"href":"http:\/\/gardan-shop.com\/fr\/wp-json\/wp\/v2\/product_tag?post=515"}],"curies":[{"name":"wp","href":"https:\/\/api.w.org\/{rel}","templated":true}]}}