{"id":518,"date":"2015-04-30T22:55:24","date_gmt":"2015-04-30T21:55:24","guid":{"rendered":"http:\/\/gardan-shop.com\/fr\/?post_type=product&#038;p=518"},"modified":"2024-04-22T15:42:54","modified_gmt":"2024-04-22T14:42:54","slug":"archie","status":"publish","type":"product","link":"http:\/\/gardan-shop.com\/fr\/produits\/archie\/","title":{"rendered":"ARCHIE"},"content":{"rendered":"<p>Ce sac de grande dimension \u00e0 la fois fonctionnel et \u00e9l\u00e9gant vous suit partout. Ses deux compartiments permettent un rangement optimum, la poche int\u00e9rieur permet d&rsquo;y glisser mains et objets usuels&#8230; Ainsi toujours \u00e0 \u00ab\u00a0port\u00e9 de mains\u00a0\u00bb.<\/p>\n","protected":false},"excerpt":{"rendered":"<p>Produit \u00e9puis\u00e9<\/p>\n<p>&nbsp;<\/p>\n<p>Ce sac de grande dimension, \u00e0 la fois fonctionnel et minimaliste vous suit partout.<br \/>\nSes deux compartiments permettent un rangement optimum.<\/p>\n<p>La poche int\u00e9rieur permet d&rsquo;y glisser un manchon amovible ainsi que ses objets usuels.<\/p>\n<p>&nbsp;<\/p>\n<p><strong>Caract\u00e9ristiques\u00a0:<br \/>\n<\/strong>Port\u00e9 main ou bandouli\u00e8re<\/p>\n<p>Bandouli\u00e8re d&rsquo;\u00e9paule en cuir r\u00e9glable<\/p>\n<p>Deux compartiments zipp\u00e9s<br \/>\nDeux pochettes int\u00e9rieures plaqu\u00e9es<\/p>\n<p>Porte crayons<br \/>\nCompartiment central<\/p>\n<p>Manchon amovible en fourrure et polaire (4 coloris au choix)<\/p>\n<p>Dimensions: H: 32 x L: 27 x P: 8 cm (Convient au format A4)<\/p>\n<p>&nbsp;<\/p>\n<p>Cuir de vachette v\u00e9ritable<br \/>\nFourrure\u00a0en lapin<\/p>\n<p>&nbsp;<\/p>\n<p>Fabriqu\u00e9 en France<\/p>\n<p>&nbsp;<\/p>\n","protected":false},"featured_media":661,"comment_status":"open","ping_status":"closed","template":"","meta":[],"product_cat":[33],"product_tag":[],"yoast_head":"<!-- This site is optimized with the Yoast SEO plugin v22.7 - https:\/\/yoast.com\/wordpress\/plugins\/seo\/ -->\n<title>ARCHIE - Sacs en cuir de fabrication Fran\u00e7aise<\/title>\n<meta name=\"description\" content=\"Ce sac de grande dimension \u00e0 la fois fonctionnel et \u00e9l\u00e9gant vous suit partout. Ses deux compartiments permettent un rangement optimum...\" \/>\n<meta name=\"robots\" content=\"index, follow, max-snippet:-1, max-image-preview:large, max-video-preview:-1\" \/>\n<link rel=\"canonical\" href=\"http:\/\/gardan-shop.com\/fr\/produits\/archie\/\" \/>\n<meta property=\"og:locale\" content=\"fr_FR\" \/>\n<meta property=\"og:type\" content=\"article\" \/>\n<meta property=\"og:title\" content=\"ARCHIE - Sacs en cuir de fabrication Fran\u00e7aise\" \/>\n<meta property=\"og:description\" content=\"Ce sac de grande dimension \u00e0 la fois fonctionnel et \u00e9l\u00e9gant vous suit partout. Ses deux compartiments permettent un rangement optimum...\" \/>\n<meta property=\"og:url\" content=\"http:\/\/gardan-shop.com\/fr\/produits\/archie\/\" \/>\n<meta property=\"og:site_name\" content=\"Sacs en cuir de fabrication Fran\u00e7aise\" \/>\n<meta property=\"article:modified_time\" content=\"2024-04-22T14:42:54+00:00\" \/>\n<meta property=\"og:image\" content=\"http:\/\/gardan-shop.com\/fr\/wp-content\/uploads\/sites\/2\/2015\/04\/Sac-en-cuir-ARCHIE01.jpg\" \/>\n\t<meta property=\"og:image:width\" content=\"640\" \/>\n\t<meta property=\"og:image:height\" content=\"480\" \/>\n\t<meta property=\"og:image:type\" content=\"image\/jpeg\" \/>\n<script type=\"application\/ld+json\" class=\"yoast-schema-graph\">{\"@context\":\"https:\/\/schema.org\",\"@graph\":[{\"@type\":\"WebPage\",\"@id\":\"http:\/\/gardan-shop.com\/fr\/produits\/archie\/\",\"url\":\"http:\/\/gardan-shop.com\/fr\/produits\/archie\/\",\"name\":\"ARCHIE - Sacs en cuir de fabrication Fran\u00e7aise\",\"isPartOf\":{\"@id\":\"http:\/\/gardan-shop.com\/fr\/#website\"},\"primaryImageOfPage\":{\"@id\":\"http:\/\/gardan-shop.com\/fr\/produits\/archie\/#primaryimage\"},\"image\":{\"@id\":\"http:\/\/gardan-shop.com\/fr\/produits\/archie\/#primaryimage\"},\"thumbnailUrl\":\"http:\/\/gardan-shop.com\/fr\/wp-content\/uploads\/sites\/2\/2015\/04\/Sac-en-cuir-ARCHIE01.jpg\",\"datePublished\":\"2015-04-30T21:55:24+00:00\",\"dateModified\":\"2024-04-22T14:42:54+00:00\",\"description\":\"Ce sac de grande dimension \u00e0 la fois fonctionnel et \u00e9l\u00e9gant vous suit partout. Ses deux compartiments permettent un rangement optimum...\",\"breadcrumb\":{\"@id\":\"http:\/\/gardan-shop.com\/fr\/produits\/archie\/#breadcrumb\"},\"inLanguage\":\"fr-FR\",\"potentialAction\":[{\"@type\":\"ReadAction\",\"target\":[\"http:\/\/gardan-shop.com\/fr\/produits\/archie\/\"]}]},{\"@type\":\"ImageObject\",\"inLanguage\":\"fr-FR\",\"@id\":\"http:\/\/gardan-shop.com\/fr\/produits\/archie\/#primaryimage\",\"url\":\"http:\/\/gardan-shop.com\/fr\/wp-content\/uploads\/sites\/2\/2015\/04\/Sac-en-cuir-ARCHIE01.jpg\",\"contentUrl\":\"http:\/\/gardan-shop.com\/fr\/wp-content\/uploads\/sites\/2\/2015\/04\/Sac-en-cuir-ARCHIE01.jpg\",\"width\":640,\"height\":480},{\"@type\":\"BreadcrumbList\",\"@id\":\"http:\/\/gardan-shop.com\/fr\/produits\/archie\/#breadcrumb\",\"itemListElement\":[{\"@type\":\"ListItem\",\"position\":1,\"name\":\"Accueil\",\"item\":\"http:\/\/gardan-shop.com\/fr\/\"},{\"@type\":\"ListItem\",\"position\":2,\"name\":\"ARCHIE\"}]},{\"@type\":\"WebSite\",\"@id\":\"http:\/\/gardan-shop.com\/fr\/#website\",\"url\":\"http:\/\/gardan-shop.com\/fr\/\",\"name\":\"Sacs en cuir de fabrication Fran\u00e7aise\",\"description\":\"Gardan-Shop\",\"potentialAction\":[{\"@type\":\"SearchAction\",\"target\":{\"@type\":\"EntryPoint\",\"urlTemplate\":\"http:\/\/gardan-shop.com\/fr\/?s={search_term_string}\"},\"query-input\":\"required name=search_term_string\"}],\"inLanguage\":\"fr-FR\"}]}<\/script>\n<!-- \/ Yoast SEO plugin. -->","yoast_head_json":{"title":"ARCHIE - Sacs en cuir de fabrication Fran\u00e7aise","description":"Ce sac de grande dimension \u00e0 la fois fonctionnel et \u00e9l\u00e9gant vous suit partout. Ses deux compartiments permettent un rangement optimum...","robots":{"index":"index","follow":"follow","max-snippet":"max-snippet:-1","max-image-preview":"max-image-preview:large","max-video-preview":"max-video-preview:-1"},"canonical":"http:\/\/gardan-shop.com\/fr\/produits\/archie\/","og_locale":"fr_FR","og_type":"article","og_title":"ARCHIE - Sacs en cuir de fabrication Fran\u00e7aise","og_description":"Ce sac de grande dimension \u00e0 la fois fonctionnel et \u00e9l\u00e9gant vous suit partout. Ses deux compartiments permettent un rangement optimum...","og_url":"http:\/\/gardan-shop.com\/fr\/produits\/archie\/","og_site_name":"Sacs en cuir de fabrication Fran\u00e7aise","article_modified_time":"2024-04-22T14:42:54+00:00","og_image":[{"width":640,"height":480,"url":"http:\/\/gardan-shop.com\/fr\/wp-content\/uploads\/sites\/2\/2015\/04\/Sac-en-cuir-ARCHIE01.jpg","type":"image\/jpeg"}],"schema":{"@context":"https:\/\/schema.org","@graph":[{"@type":"WebPage","@id":"http:\/\/gardan-shop.com\/fr\/produits\/archie\/","url":"http:\/\/gardan-shop.com\/fr\/produits\/archie\/","name":"ARCHIE - Sacs en cuir de fabrication Fran\u00e7aise","isPartOf":{"@id":"http:\/\/gardan-shop.com\/fr\/#website"},"primaryImageOfPage":{"@id":"http:\/\/gardan-shop.com\/fr\/produits\/archie\/#primaryimage"},"image":{"@id":"http:\/\/gardan-shop.com\/fr\/produits\/archie\/#primaryimage"},"thumbnailUrl":"http:\/\/gardan-shop.com\/fr\/wp-content\/uploads\/sites\/2\/2015\/04\/Sac-en-cuir-ARCHIE01.jpg","datePublished":"2015-04-30T21:55:24+00:00","dateModified":"2024-04-22T14:42:54+00:00","description":"Ce sac de grande dimension \u00e0 la fois fonctionnel et \u00e9l\u00e9gant vous suit partout. Ses deux compartiments permettent un rangement optimum...","breadcrumb":{"@id":"http:\/\/gardan-shop.com\/fr\/produits\/archie\/#breadcrumb"},"inLanguage":"fr-FR","potentialAction":[{"@type":"ReadAction","target":["http:\/\/gardan-shop.com\/fr\/produits\/archie\/"]}]},{"@type":"ImageObject","inLanguage":"fr-FR","@id":"http:\/\/gardan-shop.com\/fr\/produits\/archie\/#primaryimage","url":"http:\/\/gardan-shop.com\/fr\/wp-content\/uploads\/sites\/2\/2015\/04\/Sac-en-cuir-ARCHIE01.jpg","contentUrl":"http:\/\/gardan-shop.com\/fr\/wp-content\/uploads\/sites\/2\/2015\/04\/Sac-en-cuir-ARCHIE01.jpg","width":640,"height":480},{"@type":"BreadcrumbList","@id":"http:\/\/gardan-shop.com\/fr\/produits\/archie\/#breadcrumb","itemListElement":[{"@type":"ListItem","position":1,"name":"Accueil","item":"http:\/\/gardan-shop.com\/fr\/"},{"@type":"ListItem","position":2,"name":"ARCHIE"}]},{"@type":"WebSite","@id":"http:\/\/gardan-shop.com\/fr\/#website","url":"http:\/\/gardan-shop.com\/fr\/","name":"Sacs en cuir de fabrication Fran\u00e7aise","description":"Gardan-Shop","potentialAction":[{"@type":"SearchAction","target":{"@type":"EntryPoint","urlTemplate":"http:\/\/gardan-shop.com\/fr\/?s={search_term_string}"},"query-input":"required name=search_term_string"}],"inLanguage":"fr-FR"}]}},"_links":{"self":[{"href":"http:\/\/gardan-shop.com\/fr\/wp-json\/wp\/v2\/product\/518"}],"collection":[{"href":"http:\/\/gardan-shop.com\/fr\/wp-json\/wp\/v2\/product"}],"about":[{"href":"http:\/\/gardan-shop.com\/fr\/wp-json\/wp\/v2\/types\/product"}],"replies":[{"embeddable":true,"href":"http:\/\/gardan-shop.com\/fr\/wp-json\/wp\/v2\/comments?post=518"}],"wp:featuredmedia":[{"embeddable":true,"href":"http:\/\/gardan-shop.com\/fr\/wp-json\/wp\/v2\/media\/661"}],"wp:attachment":[{"href":"http:\/\/gardan-shop.com\/fr\/wp-json\/wp\/v2\/media?parent=518"}],"wp:term":[{"taxonomy":"product_cat","embeddable":true,"href":"http:\/\/gardan-shop.com\/fr\/wp-json\/wp\/v2\/product_cat?post=518"},{"taxonomy":"product_tag","embeddable":true,"href":"http:\/\/gardan-shop.com\/fr\/wp-json\/wp\/v2\/product_tag?post=518"}],"curies":[{"name":"wp","href":"https:\/\/api.w.org\/{rel}","templated":true}]}}