{"id":774,"date":"2015-12-04T14:53:28","date_gmt":"2015-12-04T13:53:28","guid":{"rendered":"http:\/\/gardan-shop.com\/fr\/?post_type=product&#038;p=774"},"modified":"2024-05-25T07:07:37","modified_gmt":"2024-05-25T06:07:37","slug":"cleo-acajou","status":"publish","type":"product","link":"http:\/\/gardan-shop.com\/fr\/produits\/cleo-acajou\/","title":{"rendered":"CL\u00c9O acajou"},"content":{"rendered":"<p>Des lignes pures, un bois rare et pr\u00e9cieux, un int\u00e9rieur tout cuir et fonctionnel donne tout son chic \u00e0 cette pochette.<\/p>\n<p>Elle est n\u00e9e de la collaboration avec un \u00e9b\u00e9niste.<\/p>\n<p>Ce mod\u00e8le est r\u00e9alis\u00e9 avec de l&rsquo;acajou de Cuba, un bois pr\u00e9cieux aujourd&rsquo;hui introuvable, nous utilisons des stocks anciens pour r\u00e9aliser les fermoirs.<\/p>\n<p>&nbsp;<\/p>\n","protected":false},"excerpt":{"rendered":"<p>&nbsp;<\/p>\n<p>Des lignes pures, un bois rare et pr\u00e9cieux, un int\u00e9rieur tout cuir et fonctionnel donne tout son chic \u00e0 cette pochette.<\/p>\n<p>Elle est n\u00e9e de la collaboration avec un \u00e9b\u00e9niste.<\/p>\n<p>Ce mod\u00e8le est r\u00e9alis\u00e9 avec de l&rsquo;acajou de Cuba, un bois pr\u00e9cieux aujourd&rsquo;hui introuvable, nous utilisons des stocks anciens pour r\u00e9aliser les fermoirs.<\/p>\n<p>-\u00c9dition limit\u00e9-<\/p>\n<p>&nbsp;<\/p>\n<p><strong>Caract\u00e9ristiques\u00a0:<\/strong><\/p>\n<p>Fermeture par un fermoir en bois aimant\u00e9<\/p>\n<p>Poche int\u00e9rieure zipp\u00e9e plaqu\u00e9e de 2 pochettes<br \/>\nPorte crayons<\/p>\n<p>Attache porte-cl\u00e9 + porte-cl\u00e9 \u00e0 pompon fourrure<br \/>\nDimensions: H: 15.5 x L: 28.5 x P: 7 cm (hors fermoir)<\/p>\n<p>&nbsp;<\/p>\n<p>Cuir de vachette v\u00e9ritable<\/p>\n<p>Bois : acajou de Cuba<\/p>\n<p>&nbsp;<\/p>\n<p>Fabriqu\u00e9 en France<\/p>\n<p><strong>\u00a0<\/strong><\/p>\n<p>&nbsp;<\/p>\n","protected":false},"featured_media":830,"comment_status":"closed","ping_status":"closed","template":"","meta":[],"product_cat":[33],"product_tag":[],"yoast_head":"<!-- This site is optimized with the Yoast SEO plugin v22.7 - https:\/\/yoast.com\/wordpress\/plugins\/seo\/ -->\n<title>CL\u00c9O acajou - Sacs en cuir de fabrication Fran\u00e7aise<\/title>\n<meta name=\"robots\" content=\"index, follow, max-snippet:-1, max-image-preview:large, max-video-preview:-1\" \/>\n<link rel=\"canonical\" href=\"http:\/\/gardan-shop.com\/fr\/produits\/cleo-acajou\/\" \/>\n<meta property=\"og:locale\" content=\"fr_FR\" \/>\n<meta property=\"og:type\" content=\"article\" \/>\n<meta property=\"og:title\" content=\"CL\u00c9O acajou - Sacs en cuir de fabrication Fran\u00e7aise\" \/>\n<meta property=\"og:description\" content=\"&nbsp;  Des lignes pures, un bois rare et pr\u00e9cieux, un int\u00e9rieur tout cuir et fonctionnel donne tout son chic \u00e0 cette pochette.  Elle est n\u00e9e de la collaboration avec un \u00e9b\u00e9niste.  Ce mod\u00e8le est r\u00e9alis\u00e9 avec de l&#039;acajou de Cuba, un bois pr\u00e9cieux aujourd&#039;hui introuvable, nous utilisons des stocks anciens pour r\u00e9aliser les fermoirs.  -\u00c9dition limit\u00e9-  &nbsp;  Caract\u00e9ristiques\u00a0:  Fermeture par un fermoir en bois aimant\u00e9  Poche int\u00e9rieure zipp\u00e9e plaqu\u00e9e de 2 pochettes Porte crayons  Attache porte-cl\u00e9 + porte-cl\u00e9 \u00e0 pompon fourrure Dimensions: H: 15.5 x L: 28.5 x P: 7 cm (hors fermoir)  &nbsp;  Cuir de vachette v\u00e9ritable  Bois : acajou de Cuba  &nbsp;  Fabriqu\u00e9 en France  \u00a0  &nbsp;\" \/>\n<meta property=\"og:url\" content=\"http:\/\/gardan-shop.com\/fr\/produits\/cleo-acajou\/\" \/>\n<meta property=\"og:site_name\" content=\"Sacs en cuir de fabrication Fran\u00e7aise\" \/>\n<meta property=\"article:modified_time\" content=\"2024-05-25T06:07:37+00:00\" \/>\n<meta property=\"og:image\" content=\"http:\/\/gardan-shop.com\/fr\/wp-content\/uploads\/sites\/2\/2015\/12\/Pochette-cuir-CLEO-acajou-12.jpg\" \/>\n\t<meta property=\"og:image:width\" content=\"640\" \/>\n\t<meta property=\"og:image:height\" content=\"480\" \/>\n\t<meta property=\"og:image:type\" content=\"image\/jpeg\" \/>\n<meta name=\"twitter:label1\" content=\"Dur\u00e9e de lecture estim\u00e9e\" \/>\n\t<meta name=\"twitter:data1\" content=\"1 minute\" \/>\n<script type=\"application\/ld+json\" class=\"yoast-schema-graph\">{\"@context\":\"https:\/\/schema.org\",\"@graph\":[{\"@type\":\"WebPage\",\"@id\":\"http:\/\/gardan-shop.com\/fr\/produits\/cleo-acajou\/\",\"url\":\"http:\/\/gardan-shop.com\/fr\/produits\/cleo-acajou\/\",\"name\":\"CL\u00c9O acajou - Sacs en cuir de fabrication Fran\u00e7aise\",\"isPartOf\":{\"@id\":\"http:\/\/gardan-shop.com\/fr\/#website\"},\"primaryImageOfPage\":{\"@id\":\"http:\/\/gardan-shop.com\/fr\/produits\/cleo-acajou\/#primaryimage\"},\"image\":{\"@id\":\"http:\/\/gardan-shop.com\/fr\/produits\/cleo-acajou\/#primaryimage\"},\"thumbnailUrl\":\"http:\/\/gardan-shop.com\/fr\/wp-content\/uploads\/sites\/2\/2015\/12\/Pochette-cuir-CLEO-acajou-12.jpg\",\"datePublished\":\"2015-12-04T13:53:28+00:00\",\"dateModified\":\"2024-05-25T06:07:37+00:00\",\"breadcrumb\":{\"@id\":\"http:\/\/gardan-shop.com\/fr\/produits\/cleo-acajou\/#breadcrumb\"},\"inLanguage\":\"fr-FR\",\"potentialAction\":[{\"@type\":\"ReadAction\",\"target\":[\"http:\/\/gardan-shop.com\/fr\/produits\/cleo-acajou\/\"]}]},{\"@type\":\"ImageObject\",\"inLanguage\":\"fr-FR\",\"@id\":\"http:\/\/gardan-shop.com\/fr\/produits\/cleo-acajou\/#primaryimage\",\"url\":\"http:\/\/gardan-shop.com\/fr\/wp-content\/uploads\/sites\/2\/2015\/12\/Pochette-cuir-CLEO-acajou-12.jpg\",\"contentUrl\":\"http:\/\/gardan-shop.com\/fr\/wp-content\/uploads\/sites\/2\/2015\/12\/Pochette-cuir-CLEO-acajou-12.jpg\",\"width\":640,\"height\":480},{\"@type\":\"BreadcrumbList\",\"@id\":\"http:\/\/gardan-shop.com\/fr\/produits\/cleo-acajou\/#breadcrumb\",\"itemListElement\":[{\"@type\":\"ListItem\",\"position\":1,\"name\":\"Accueil\",\"item\":\"http:\/\/gardan-shop.com\/fr\/\"},{\"@type\":\"ListItem\",\"position\":2,\"name\":\"CL\u00c9O acajou\"}]},{\"@type\":\"WebSite\",\"@id\":\"http:\/\/gardan-shop.com\/fr\/#website\",\"url\":\"http:\/\/gardan-shop.com\/fr\/\",\"name\":\"Sacs en cuir de fabrication Fran\u00e7aise\",\"description\":\"Gardan-Shop\",\"potentialAction\":[{\"@type\":\"SearchAction\",\"target\":{\"@type\":\"EntryPoint\",\"urlTemplate\":\"http:\/\/gardan-shop.com\/fr\/?s={search_term_string}\"},\"query-input\":\"required name=search_term_string\"}],\"inLanguage\":\"fr-FR\"}]}<\/script>\n<!-- \/ Yoast SEO plugin. -->","yoast_head_json":{"title":"CL\u00c9O acajou - Sacs en cuir de fabrication Fran\u00e7aise","robots":{"index":"index","follow":"follow","max-snippet":"max-snippet:-1","max-image-preview":"max-image-preview:large","max-video-preview":"max-video-preview:-1"},"canonical":"http:\/\/gardan-shop.com\/fr\/produits\/cleo-acajou\/","og_locale":"fr_FR","og_type":"article","og_title":"CL\u00c9O acajou - Sacs en cuir de fabrication Fran\u00e7aise","og_description":"&nbsp;  Des lignes pures, un bois rare et pr\u00e9cieux, un int\u00e9rieur tout cuir et fonctionnel donne tout son chic \u00e0 cette pochette.  Elle est n\u00e9e de la collaboration avec un \u00e9b\u00e9niste.  Ce mod\u00e8le est r\u00e9alis\u00e9 avec de l'acajou de Cuba, un bois pr\u00e9cieux aujourd'hui introuvable, nous utilisons des stocks anciens pour r\u00e9aliser les fermoirs.  -\u00c9dition limit\u00e9-  &nbsp;  Caract\u00e9ristiques\u00a0:  Fermeture par un fermoir en bois aimant\u00e9  Poche int\u00e9rieure zipp\u00e9e plaqu\u00e9e de 2 pochettes Porte crayons  Attache porte-cl\u00e9 + porte-cl\u00e9 \u00e0 pompon fourrure Dimensions: H: 15.5 x L: 28.5 x P: 7 cm (hors fermoir)  &nbsp;  Cuir de vachette v\u00e9ritable  Bois : acajou de Cuba  &nbsp;  Fabriqu\u00e9 en France  \u00a0  &nbsp;","og_url":"http:\/\/gardan-shop.com\/fr\/produits\/cleo-acajou\/","og_site_name":"Sacs en cuir de fabrication Fran\u00e7aise","article_modified_time":"2024-05-25T06:07:37+00:00","og_image":[{"width":640,"height":480,"url":"http:\/\/gardan-shop.com\/fr\/wp-content\/uploads\/sites\/2\/2015\/12\/Pochette-cuir-CLEO-acajou-12.jpg","type":"image\/jpeg"}],"twitter_misc":{"Dur\u00e9e de lecture estim\u00e9e":"1 minute"},"schema":{"@context":"https:\/\/schema.org","@graph":[{"@type":"WebPage","@id":"http:\/\/gardan-shop.com\/fr\/produits\/cleo-acajou\/","url":"http:\/\/gardan-shop.com\/fr\/produits\/cleo-acajou\/","name":"CL\u00c9O acajou - Sacs en cuir de fabrication Fran\u00e7aise","isPartOf":{"@id":"http:\/\/gardan-shop.com\/fr\/#website"},"primaryImageOfPage":{"@id":"http:\/\/gardan-shop.com\/fr\/produits\/cleo-acajou\/#primaryimage"},"image":{"@id":"http:\/\/gardan-shop.com\/fr\/produits\/cleo-acajou\/#primaryimage"},"thumbnailUrl":"http:\/\/gardan-shop.com\/fr\/wp-content\/uploads\/sites\/2\/2015\/12\/Pochette-cuir-CLEO-acajou-12.jpg","datePublished":"2015-12-04T13:53:28+00:00","dateModified":"2024-05-25T06:07:37+00:00","breadcrumb":{"@id":"http:\/\/gardan-shop.com\/fr\/produits\/cleo-acajou\/#breadcrumb"},"inLanguage":"fr-FR","potentialAction":[{"@type":"ReadAction","target":["http:\/\/gardan-shop.com\/fr\/produits\/cleo-acajou\/"]}]},{"@type":"ImageObject","inLanguage":"fr-FR","@id":"http:\/\/gardan-shop.com\/fr\/produits\/cleo-acajou\/#primaryimage","url":"http:\/\/gardan-shop.com\/fr\/wp-content\/uploads\/sites\/2\/2015\/12\/Pochette-cuir-CLEO-acajou-12.jpg","contentUrl":"http:\/\/gardan-shop.com\/fr\/wp-content\/uploads\/sites\/2\/2015\/12\/Pochette-cuir-CLEO-acajou-12.jpg","width":640,"height":480},{"@type":"BreadcrumbList","@id":"http:\/\/gardan-shop.com\/fr\/produits\/cleo-acajou\/#breadcrumb","itemListElement":[{"@type":"ListItem","position":1,"name":"Accueil","item":"http:\/\/gardan-shop.com\/fr\/"},{"@type":"ListItem","position":2,"name":"CL\u00c9O acajou"}]},{"@type":"WebSite","@id":"http:\/\/gardan-shop.com\/fr\/#website","url":"http:\/\/gardan-shop.com\/fr\/","name":"Sacs en cuir de fabrication Fran\u00e7aise","description":"Gardan-Shop","potentialAction":[{"@type":"SearchAction","target":{"@type":"EntryPoint","urlTemplate":"http:\/\/gardan-shop.com\/fr\/?s={search_term_string}"},"query-input":"required name=search_term_string"}],"inLanguage":"fr-FR"}]}},"_links":{"self":[{"href":"http:\/\/gardan-shop.com\/fr\/wp-json\/wp\/v2\/product\/774"}],"collection":[{"href":"http:\/\/gardan-shop.com\/fr\/wp-json\/wp\/v2\/product"}],"about":[{"href":"http:\/\/gardan-shop.com\/fr\/wp-json\/wp\/v2\/types\/product"}],"replies":[{"embeddable":true,"href":"http:\/\/gardan-shop.com\/fr\/wp-json\/wp\/v2\/comments?post=774"}],"wp:featuredmedia":[{"embeddable":true,"href":"http:\/\/gardan-shop.com\/fr\/wp-json\/wp\/v2\/media\/830"}],"wp:attachment":[{"href":"http:\/\/gardan-shop.com\/fr\/wp-json\/wp\/v2\/media?parent=774"}],"wp:term":[{"taxonomy":"product_cat","embeddable":true,"href":"http:\/\/gardan-shop.com\/fr\/wp-json\/wp\/v2\/product_cat?post=774"},{"taxonomy":"product_tag","embeddable":true,"href":"http:\/\/gardan-shop.com\/fr\/wp-json\/wp\/v2\/product_tag?post=774"}],"curies":[{"name":"wp","href":"https:\/\/api.w.org\/{rel}","templated":true}]}}