{"id":350,"date":"2015-04-22T14:37:06","date_gmt":"2015-04-22T13:37:06","guid":{"rendered":"http:\/\/gardan-shop.com\/fr\/?page_id=350"},"modified":"2018-04-15T12:28:14","modified_gmt":"2018-04-15T11:28:14","slug":"page-visual-composer","status":"publish","type":"page","link":"https:\/\/gardan-shop.com\/fr\/","title":{"rendered":"Accueil"},"content":{"rendered":"<p>[vc_row font_color=\u00a0\u00bb#ffffff\u00a0\u00bb css=\u00a0\u00bb.vc_custom_1431794035081{background-color: #ffffff !important;border-color: #ffffff !important;}\u00a0\u00bb][vc_column css=\u00a0\u00bb.vc_custom_1475679990806{margin-bottom: 0px !important;border-bottom-width: 0px !important;padding-bottom: 0px !important;}\u00a0\u00bb][vc_column_text]<i>\n\t<div class=\"slideshow_container slideshow_container_style-light\" style=\"height: 550px; max-width: 1000px;\" data-slideshow-id=\"23\" data-style-name=\"style-light\" data-style-version=\"2.3.1\" >\n\n\t\t\t\t\t<div class=\"slideshow_loading_icon\"><\/div>\n\t\t\n\t\t<div class=\"slideshow_content\" style=\"display: none;\">\n\n\t\t\t<div class=\"slideshow_view\">\n\t\t\t\t<div class=\"slideshow_slide slideshow_slide_image\">\n\t\t\t\t\t\t\t\t\t\t\t<img src=\"https:\/\/gardan-shop.com\/fr\/wp-content\/uploads\/sites\/2\/2018\/04\/Billy-gardan-maroquinerie.jpg\" alt=\"Billy gardan maroquinerie\" width=\"950\" height=\"550\" \/>\n\t\t\t\t\t\t\t\t\t\t<div class=\"slideshow_description_box slideshow_transparent\">\n\t\t\t\t\t\t<div class=\"slideshow_title\">Billy gardan maroquinerie<\/div>\t\t\t\t\t\t\t\t\t\t\t<\/div>\n\t\t\t\t<\/div>\n\n\t\t\t\t\t\t<div style=\"clear: both;\"><\/div><\/div><div class=\"slideshow_view\">\n\t\t\t\t<div class=\"slideshow_slide slideshow_slide_image\">\n\t\t\t\t\t<a href=\"Collection_Gardan_Maison_de_Maroquinerie_France\" target=\"_self\" >\t\t\t\t\t\t<img src=\"https:\/\/gardan-shop.com\/fr\/wp-content\/uploads\/sites\/2\/2018\/04\/New-co.jpg\" alt=\"Gardan shop\" width=\"950\" height=\"550\" \/>\n\t\t\t\t\t<\/a>\t\t\t\t\t<div class=\"slideshow_description_box slideshow_transparent\">\n\t\t\t\t\t\t<div class=\"slideshow_title\"><a href=\"Collection_Gardan_Maison_de_Maroquinerie_France\" target=\"_self\" >Gardan shop<\/a><\/div>\t\t\t\t\t\t\t\t\t\t\t<\/div>\n\t\t\t\t<\/div>\n\n\t\t\t\t\t\t<div style=\"clear: both;\"><\/div><\/div><div class=\"slideshow_view\">\n\t\t\t\t<div class=\"slideshow_slide slideshow_slide_image\">\n\t\t\t\t\t<a href=\"Collection_Gardan_Maison_de_Maroquinerie_France\" target=\"_self\" >\t\t\t\t\t\t<img src=\"https:\/\/gardan-shop.com\/fr\/wp-content\/uploads\/sites\/2\/2018\/04\/New-co4-1.jpg\" alt=\"Collection_Gardan_Maison_de_Maroquinerie_France\" width=\"950\" height=\"550\" \/>\n\t\t\t\t\t<\/a>\t\t\t\t\t<div class=\"slideshow_description_box slideshow_transparent\">\n\t\t\t\t\t\t<div class=\"slideshow_title\"><a href=\"Collection_Gardan_Maison_de_Maroquinerie_France\" target=\"_self\" >Collection_Gardan_Maison_de_Maroquinerie_France<\/a><\/div>\t\t\t\t\t\t\t\t\t\t\t<\/div>\n\t\t\t\t<\/div>\n\n\t\t\t\t\t\t<div style=\"clear: both;\"><\/div><\/div><div class=\"slideshow_view\">\n\t\t\t\t<div class=\"slideshow_slide slideshow_slide_image\">\n\t\t\t\t\t\t\t\t\t\t\t<img src=\"https:\/\/gardan-shop.com\/fr\/wp-content\/uploads\/sites\/2\/2018\/04\/New-co5.jpg\" alt=\"Collection_Gardan_Maison_de_Maroquinerie_France\" width=\"950\" height=\"550\" \/>\n\t\t\t\t\t\t\t\t\t\t<div class=\"slideshow_description_box slideshow_transparent\">\n\t\t\t\t\t\t<div class=\"slideshow_title\">Collection_Gardan_Maison_de_Maroquinerie_France<\/div>\t\t\t\t\t\t\t\t\t\t\t<\/div>\n\t\t\t\t<\/div>\n\n\t\t\t\t\t\t<div style=\"clear: both;\"><\/div><\/div><div class=\"slideshow_view\">\n\t\t\t\t<div class=\"slideshow_slide slideshow_slide_image\">\n\t\t\t\t\t\t\t\t\t\t\t<img src=\"https:\/\/gardan-shop.com\/fr\/wp-content\/uploads\/sites\/2\/2018\/04\/Sac-en-cuir-Fabrication-Fran\u00e7aise-1.jpg\" alt=\"Sac en cuir-Fabrication Fran\u00e7aise-1\" width=\"950\" height=\"550\" \/>\n\t\t\t\t\t\t\t\t\t\t<div class=\"slideshow_description_box slideshow_transparent\">\n\t\t\t\t\t\t<div class=\"slideshow_title\">Sac en cuir-Fabrication Fran\u00e7aise-1<\/div>\t\t\t\t\t\t\t\t\t\t\t<\/div>\n\t\t\t\t<\/div>\n\n\t\t\t\t\t\t<div style=\"clear: both;\"><\/div><\/div><div class=\"slideshow_view\">\n\t\t\t\t<div class=\"slideshow_slide slideshow_slide_image\">\n\t\t\t\t\t\t\t\t\t\t\t<img src=\"https:\/\/gardan-shop.com\/fr\/wp-content\/uploads\/sites\/2\/2018\/04\/MARIN-copie-1024x642.jpg\" alt=\"MARIN-copie-1024x642\" width=\"1024\" height=\"642\" \/>\n\t\t\t\t\t\t\t\t\t\t<div class=\"slideshow_description_box slideshow_transparent\">\n\t\t\t\t\t\t<div class=\"slideshow_title\">MARIN-copie-1024x642<\/div>\t\t\t\t\t\t\t\t\t\t\t<\/div>\n\t\t\t\t<\/div>\n\n\t\t\t\t\t\t<div style=\"clear: both;\"><\/div><\/div><div class=\"slideshow_view\">\n\t\t\t\t<div class=\"slideshow_slide slideshow_slide_image\">\n\t\t\t\t\t\t\t\t\t\t\t<img src=\"https:\/\/gardan-shop.com\/fr\/wp-content\/uploads\/sites\/2\/2016\/10\/5-Collection_Gardan_Maison_de_Maroquinerie_France_0018.jpg\" alt=\"5-collection_gardan_maison_de_maroquinerie_france_0018\" width=\"946\" height=\"550\" \/>\n\t\t\t\t\t\t\t\t\t\t<div class=\"slideshow_description_box slideshow_transparent\">\n\t\t\t\t\t\t<div class=\"slideshow_title\">5-collection_gardan_maison_de_maroquinerie_france_0018<\/div>\t\t\t\t\t\t\t\t\t\t\t<\/div>\n\t\t\t\t<\/div>\n\n\t\t\t\t\t\t<div style=\"clear: both;\"><\/div><\/div><div class=\"slideshow_view\">\n\t\t\t\t<div class=\"slideshow_slide slideshow_slide_image\">\n\t\t\t\t\t\t\t\t\t\t\t<img src=\"https:\/\/gardan-shop.com\/fr\/wp-content\/uploads\/sites\/2\/2016\/10\/1-Gardan-Sac-\u00e0-mains-Maroquinerie-France.jpg\" alt=\"1-gardan-sac-a-mains-maroquinerie-france\" width=\"950\" height=\"550\" \/>\n\t\t\t\t\t\t\t\t\t\t<div class=\"slideshow_description_box slideshow_transparent\">\n\t\t\t\t\t\t<div class=\"slideshow_title\">1-gardan-sac-a-mains-maroquinerie-france<\/div>\t\t\t\t\t\t\t\t\t\t\t<\/div>\n\t\t\t\t<\/div>\n\n\t\t\t\t\t\t<div style=\"clear: both;\"><\/div><\/div><div class=\"slideshow_view\">\n\t\t\t\t<div class=\"slideshow_slide slideshow_slide_image\">\n\t\t\t\t\t\t\t\t\t\t\t<img src=\"https:\/\/gardan-shop.com\/fr\/wp-content\/uploads\/sites\/2\/2016\/10\/3-Gardan-Sac-\u00e0-mains-Maroquinerie-France.jpg\" alt=\"3-gardan-sac-a-mains-maroquinerie-france\" width=\"950\" height=\"550\" \/>\n\t\t\t\t\t\t\t\t\t\t<div class=\"slideshow_description_box slideshow_transparent\">\n\t\t\t\t\t\t<div class=\"slideshow_title\">3-gardan-sac-a-mains-maroquinerie-france<\/div>\t\t\t\t\t\t\t\t\t\t\t<\/div>\n\t\t\t\t<\/div>\n\n\t\t\t\t\t\t<div style=\"clear: both;\"><\/div><\/div><div class=\"slideshow_view\">\n\t\t\t\t<div class=\"slideshow_slide slideshow_slide_image\">\n\t\t\t\t\t\t\t\t\t\t\t<img src=\"https:\/\/gardan-shop.com\/fr\/wp-content\/uploads\/sites\/2\/2016\/10\/4-Gardan-Sac-\u00e0-mains-Maroquinerie-France.jpg\" alt=\"4-gardan-sac-a-mains-maroquinerie-france\" width=\"950\" height=\"550\" \/>\n\t\t\t\t\t\t\t\t\t\t<div class=\"slideshow_description_box slideshow_transparent\">\n\t\t\t\t\t\t<div class=\"slideshow_title\">4-gardan-sac-a-mains-maroquinerie-france<\/div>\t\t\t\t\t\t\t\t\t\t\t<\/div>\n\t\t\t\t<\/div>\n\n\t\t\t\t\t\t<div style=\"clear: both;\"><\/div><\/div><div class=\"slideshow_view\">\n\t\t\t\t<div class=\"slideshow_slide slideshow_slide_image\">\n\t\t\t\t\t\t\t\t\t\t\t<img src=\"https:\/\/gardan-shop.com\/fr\/wp-content\/uploads\/sites\/2\/2016\/10\/7-Gardan-Sac-\u00e0-mains-Maroquinerie-France.jpg\" alt=\"7-gardan-sac-a-mains-maroquinerie-france\" width=\"950\" height=\"500\" \/>\n\t\t\t\t\t\t\t\t\t\t<div class=\"slideshow_description_box slideshow_transparent\">\n\t\t\t\t\t\t<div class=\"slideshow_title\">7-gardan-sac-a-mains-maroquinerie-france<\/div>\t\t\t\t\t\t\t\t\t\t\t<\/div>\n\t\t\t\t<\/div>\n\n\t\t\t\t\t\t<div style=\"clear: both;\"><\/div><\/div>\n\t\t<\/div>\n\n\t\t<div class=\"slideshow_controlPanel slideshow_transparent\" style=\"display: none;\"><ul><li class=\"slideshow_togglePlay\" data-play-text=\"Play\" data-pause-text=\"Pause\"><\/li><\/ul><\/div>\n\n\t\t<div class=\"slideshow_button slideshow_previous slideshow_transparent\" role=\"button\" data-previous-text=\"Pr\u00e9c\u00e9dent\" style=\"display: none;\"><\/div>\n\t\t<div class=\"slideshow_button slideshow_next slideshow_transparent\" role=\"button\" data-next-text=\"Suivant\" style=\"display: none;\"><\/div>\n\n\t\t<div class=\"slideshow_pagination\" style=\"display: none;\" data-go-to-text=\"Go to slide\"><div class=\"slideshow_pagination_center\"><\/div><\/div>\n\n\t\t<!-- WordPress Slideshow Version 2.3.1 -->\n\n\t\t\t<\/div>\n\n<\/i>[\/vc_column_text][\/vc_column][\/vc_row][vc_row font_color=\u00a0\u00bb#ffffff\u00a0\u00bb css=\u00a0\u00bb.vc_custom_1431794053939{background-color: #ffffff !important;border-color: #ffffff !important;}\u00a0\u00bb][vc_column width=\u00a0\u00bb1\/4&Prime;][vc_single_image image=\u00a0\u00bb1027&Prime; img_size=\u00a0\u00bbmedium\u00a0\u00bb onclick=\u00a0\u00bbcustom_link\u00a0\u00bb img_link=\u00a0\u00bbhttp:\/\/gardan-shop.com\/fr\/produits\/anna-ka\/\u00a0\u00bb css=\u00a0\u00bb.vc_custom_1523789014444{background-color: #ffffff !important;}\u00a0\u00bb link=\u00a0\u00bbhttp:\/\/gardan-shop.com\/fr\/produits\/billy-rose\/\u00a0\u00bb][\/vc_column][vc_column width=\u00a0\u00bb1\/4&Prime;][vc_single_image image=\u00a0\u00bb1034&Prime; img_size=\u00a0\u00bbmedium\u00a0\u00bb onclick=\u00a0\u00bbcustom_link\u00a0\u00bb img_link=\u00a0\u00bbhttp:\/\/gardan-shop.com\/fr\/produits\/marin\/\u00a0\u00bb css=\u00a0\u00bb.vc_custom_1523789094450{background-color: #ffffff !important;}\u00a0\u00bb link=\u00a0\u00bbhttp:\/\/gardan-shop.com\/fr\/produits\/billy-fauve\/\u00a0\u00bb][\/vc_column][vc_column width=\u00a0\u00bb1\/4&Prime;][vc_single_image image=\u00a0\u00bb1041&Prime; img_size=\u00a0\u00bbmedium\u00a0\u00bb onclick=\u00a0\u00bbcustom_link\u00a0\u00bb img_link=\u00a0\u00bbhttp:\/\/gardan-shop.com\/fr\/produits\/venus\/\u00a0\u00bb css=\u00a0\u00bb.vc_custom_1523789137522{background-color: #ffffff !important;}\u00a0\u00bb link=\u00a0\u00bbhttp:\/\/gardan-shop.com\/fr\/produits\/billy-noir\/\u00a0\u00bb][\/vc_column][vc_column width=\u00a0\u00bb1\/4&Prime;][vc_single_image image=\u00a0\u00bb1049&Prime; img_size=\u00a0\u00bbmedium\u00a0\u00bb onclick=\u00a0\u00bbcustom_link\u00a0\u00bb img_link=\u00a0\u00bbhttp:\/\/gardan-shop.com\/fr\/produits\/archi\/\u00a0\u00bb css=\u00a0\u00bb.vc_custom_1523789349000{background-color: #ffffff !important;}\u00a0\u00bb link=\u00a0\u00bbhttp:\/\/gardan-shop.com\/fr\/produits\/billy-pochettes\/\u00a0\u00bb][\/vc_column][\/vc_row][vc_row][vc_column width=\u00a0\u00bb1\/4&Prime;][vc_single_image image=\u00a0\u00bb844&Prime; img_size=\u00a0\u00bbmedium\u00a0\u00bb onclick=\u00a0\u00bbcustom_link\u00a0\u00bb img_link=\u00a0\u00bbhttp:\/\/gardan-shop.com\/fr\/produits\/ines-acajou\/\u00a0\u00bb link=\u00a0\u00bbhttp:\/\/gardan-shop.com\/fr\/produits\/ines-acajou\/\u00a0\u00bb][\/vc_column][vc_column width=\u00a0\u00bb1\/4&Prime;][vc_single_image image=\u00a0\u00bb845&Prime; img_size=\u00a0\u00bbmedium\u00a0\u00bb onclick=\u00a0\u00bbcustom_link\u00a0\u00bb img_link=\u00a0\u00bbhttp:\/\/gardan-shop.com\/fr\/produits\/cleo-acajou\/\u00a0\u00bb link=\u00a0\u00bbhttp:\/\/gardan-shop.com\/fr\/produits\/cleo-acajou\/\u00a0\u00bb][\/vc_column][vc_column width=\u00a0\u00bb1\/4&Prime;][vc_single_image image=\u00a0\u00bb847&Prime; img_size=\u00a0\u00bbmedium\u00a0\u00bb onclick=\u00a0\u00bbcustom_link\u00a0\u00bb img_link=\u00a0\u00bbhttp:\/\/gardan-shop.com\/fr\/produits\/ines-hetre\/\u00a0\u00bb link=\u00a0\u00bbhttp:\/\/gardan-shop.com\/fr\/produits\/ines-hetre\/\u00a0\u00bb][\/vc_column][vc_column width=\u00a0\u00bb1\/4&Prime;][vc_single_image image=\u00a0\u00bb848&Prime; img_size=\u00a0\u00bbmedium\u00a0\u00bb onclick=\u00a0\u00bbcustom_link\u00a0\u00bb img_link=\u00a0\u00bbhttp:\/\/gardan-shop.com\/fr\/produits\/cleo-hetre\/\u00a0\u00bb link=\u00a0\u00bbhttp:\/\/gardan-shop.com\/fr\/produits\/cleo-hetre\/\u00a0\u00bb][\/vc_column][\/vc_row][vc_row font_color=\u00a0\u00bb#ffffff\u00a0\u00bb css=\u00a0\u00bb.vc_custom_1431794053939{background-color: #ffffff !important;border-color: #ffffff !important;}\u00a0\u00bb][vc_column width=\u00a0\u00bb1\/4&Prime;][vc_single_image image=\u00a0\u00bb839&Prime; img_size=\u00a0\u00bbmedium\u00a0\u00bb onclick=\u00a0\u00bbcustom_link\u00a0\u00bb img_link=\u00a0\u00bbhttp:\/\/gardan-shop.com\/fr\/produits\/anna-ka\/\u00a0\u00bb css=\u00a0\u00bb.vc_custom_1475090715597{background-color: #ffffff !important;}\u00a0\u00bb link=\u00a0\u00bbhttp:\/\/gardan-shop.com\/fr\/produits\/anna-ka\/\u00a0\u00bb][\/vc_column][vc_column width=\u00a0\u00bb1\/4&Prime;][vc_single_image image=\u00a0\u00bb859&Prime; img_size=\u00a0\u00bbmedium\u00a0\u00bb onclick=\u00a0\u00bbcustom_link\u00a0\u00bb img_link=\u00a0\u00bbhttp:\/\/gardan-shop.com\/fr\/produits\/marin\/\u00a0\u00bb css=\u00a0\u00bb.vc_custom_1475090785664{background-color: #ffffff !important;}\u00a0\u00bb link=\u00a0\u00bbhttp:\/\/gardan-shop.com\/fr\/produits\/marin\/\u00a0\u00bb][\/vc_column][vc_column width=\u00a0\u00bb1\/4&Prime;][vc_single_image image=\u00a0\u00bb842&Prime; img_size=\u00a0\u00bbmedium\u00a0\u00bb onclick=\u00a0\u00bbcustom_link\u00a0\u00bb img_link=\u00a0\u00bbhttp:\/\/gardan-shop.com\/fr\/produits\/venus\/\u00a0\u00bb css=\u00a0\u00bb.vc_custom_1475091189794{background-color: #ffffff !important;}\u00a0\u00bb link=\u00a0\u00bbhttp:\/\/gardan-shop.com\/fr\/produits\/venus\/\u00a0\u00bb][\/vc_column][vc_column width=\u00a0\u00bb1\/4&Prime;][vc_single_image image=\u00a0\u00bb672&Prime; img_size=\u00a0\u00bbmedium\u00a0\u00bb onclick=\u00a0\u00bbcustom_link\u00a0\u00bb img_link=\u00a0\u00bbhttp:\/\/gardan-shop.com\/fr\/produits\/archi\/\u00a0\u00bb css=\u00a0\u00bb.vc_custom_1475091214537{background-color: #ffffff !important;}\u00a0\u00bb link=\u00a0\u00bbhttp:\/\/gardan-shop.com\/fr\/produits\/archie\/\u00a0\u00bb][\/vc_column][\/vc_row]<\/p>\n","protected":false},"excerpt":{"rendered":"<p>Accueil  Sacs en cuir de fabrication fran\u00e7aise &#8211; Gardan-Shop &#8211;<\/p>\n","protected":false},"author":1,"featured_media":0,"parent":0,"menu_order":0,"comment_status":"closed","ping_status":"closed","template":"","meta":{"footnotes":""},"yoast_head":"<!-- This site is optimized with the Yoast SEO plugin v22.7 - https:\/\/yoast.com\/wordpress\/plugins\/seo\/ -->\n<title>Sacs en cuir de fabrication fran\u00e7aise - Gardan-Shop<\/title>\n<meta name=\"description\" content=\"Des sacs en cuir de fabrication fran\u00e7aise \u00e0 la fois simples et fonctionnels tout en y apportant un nouvel usage : pouvoir y glisser ses mains\" \/>\n<meta name=\"robots\" content=\"index, follow, max-snippet:-1, max-image-preview:large, max-video-preview:-1\" \/>\n<link rel=\"canonical\" href=\"http:\/\/gardan-shop.com\/fr\/\" \/>\n<meta property=\"og:locale\" content=\"fr_FR\" \/>\n<meta property=\"og:type\" content=\"article\" \/>\n<meta property=\"og:title\" content=\"Sacs en cuir de fabrication fran\u00e7aise - Gardan-Shop\" \/>\n<meta property=\"og:description\" content=\"Des sacs en cuir de fabrication fran\u00e7aise \u00e0 la fois simples et fonctionnels tout en y apportant un nouvel usage : pouvoir y glisser ses mains\" \/>\n<meta property=\"og:url\" content=\"http:\/\/gardan-shop.com\/fr\/\" \/>\n<meta property=\"og:site_name\" content=\"Sacs en cuir de fabrication Fran\u00e7aise\" \/>\n<meta property=\"article:modified_time\" content=\"2018-04-15T11:28:14+00:00\" \/>\n<meta name=\"twitter:label1\" content=\"Dur\u00e9e de lecture estim\u00e9e\" \/>\n\t<meta name=\"twitter:data1\" content=\"2 minutes\" \/>\n<script type=\"application\/ld+json\" class=\"yoast-schema-graph\">{\"@context\":\"https:\/\/schema.org\",\"@graph\":[{\"@type\":\"WebPage\",\"@id\":\"http:\/\/gardan-shop.com\/fr\/\",\"url\":\"http:\/\/gardan-shop.com\/fr\/\",\"name\":\"Sacs en cuir de fabrication fran\u00e7aise - Gardan-Shop\",\"isPartOf\":{\"@id\":\"http:\/\/gardan-shop.com\/fr\/#website\"},\"datePublished\":\"2015-04-22T13:37:06+00:00\",\"dateModified\":\"2018-04-15T11:28:14+00:00\",\"description\":\"Des sacs en cuir de fabrication fran\u00e7aise \u00e0 la fois simples et fonctionnels tout en y apportant un nouvel usage : pouvoir y glisser ses mains\",\"breadcrumb\":{\"@id\":\"http:\/\/gardan-shop.com\/fr\/#breadcrumb\"},\"inLanguage\":\"fr-FR\",\"potentialAction\":[{\"@type\":\"ReadAction\",\"target\":[\"http:\/\/gardan-shop.com\/fr\/\"]}]},{\"@type\":\"BreadcrumbList\",\"@id\":\"http:\/\/gardan-shop.com\/fr\/#breadcrumb\",\"itemListElement\":[{\"@type\":\"ListItem\",\"position\":1,\"name\":\"Accueil\",\"item\":\"http:\/\/gardan-shop.com\/fr\/\"},{\"@type\":\"ListItem\",\"position\":2,\"name\":\"Accueil\"}]},{\"@type\":\"WebSite\",\"@id\":\"http:\/\/gardan-shop.com\/fr\/#website\",\"url\":\"http:\/\/gardan-shop.com\/fr\/\",\"name\":\"Sacs en cuir de fabrication Fran\u00e7aise\",\"description\":\"Gardan-Shop\",\"potentialAction\":[{\"@type\":\"SearchAction\",\"target\":{\"@type\":\"EntryPoint\",\"urlTemplate\":\"http:\/\/gardan-shop.com\/fr\/?s={search_term_string}\"},\"query-input\":\"required name=search_term_string\"}],\"inLanguage\":\"fr-FR\"}]}<\/script>\n<!-- \/ Yoast SEO plugin. -->","yoast_head_json":{"title":"Sacs en cuir de fabrication fran\u00e7aise - Gardan-Shop","description":"Des sacs en cuir de fabrication fran\u00e7aise \u00e0 la fois simples et fonctionnels tout en y apportant un nouvel usage : pouvoir y glisser ses mains","robots":{"index":"index","follow":"follow","max-snippet":"max-snippet:-1","max-image-preview":"max-image-preview:large","max-video-preview":"max-video-preview:-1"},"canonical":"http:\/\/gardan-shop.com\/fr\/","og_locale":"fr_FR","og_type":"article","og_title":"Sacs en cuir de fabrication fran\u00e7aise - Gardan-Shop","og_description":"Des sacs en cuir de fabrication fran\u00e7aise \u00e0 la fois simples et fonctionnels tout en y apportant un nouvel usage : pouvoir y glisser ses mains","og_url":"http:\/\/gardan-shop.com\/fr\/","og_site_name":"Sacs en cuir de fabrication Fran\u00e7aise","article_modified_time":"2018-04-15T11:28:14+00:00","twitter_misc":{"Dur\u00e9e de lecture estim\u00e9e":"2 minutes"},"schema":{"@context":"https:\/\/schema.org","@graph":[{"@type":"WebPage","@id":"http:\/\/gardan-shop.com\/fr\/","url":"http:\/\/gardan-shop.com\/fr\/","name":"Sacs en cuir de fabrication fran\u00e7aise - Gardan-Shop","isPartOf":{"@id":"http:\/\/gardan-shop.com\/fr\/#website"},"datePublished":"2015-04-22T13:37:06+00:00","dateModified":"2018-04-15T11:28:14+00:00","description":"Des sacs en cuir de fabrication fran\u00e7aise \u00e0 la fois simples et fonctionnels tout en y apportant un nouvel usage : pouvoir y glisser ses mains","breadcrumb":{"@id":"http:\/\/gardan-shop.com\/fr\/#breadcrumb"},"inLanguage":"fr-FR","potentialAction":[{"@type":"ReadAction","target":["http:\/\/gardan-shop.com\/fr\/"]}]},{"@type":"BreadcrumbList","@id":"http:\/\/gardan-shop.com\/fr\/#breadcrumb","itemListElement":[{"@type":"ListItem","position":1,"name":"Accueil","item":"http:\/\/gardan-shop.com\/fr\/"},{"@type":"ListItem","position":2,"name":"Accueil"}]},{"@type":"WebSite","@id":"http:\/\/gardan-shop.com\/fr\/#website","url":"http:\/\/gardan-shop.com\/fr\/","name":"Sacs en cuir de fabrication Fran\u00e7aise","description":"Gardan-Shop","potentialAction":[{"@type":"SearchAction","target":{"@type":"EntryPoint","urlTemplate":"http:\/\/gardan-shop.com\/fr\/?s={search_term_string}"},"query-input":"required name=search_term_string"}],"inLanguage":"fr-FR"}]}},"_links":{"self":[{"href":"https:\/\/gardan-shop.com\/fr\/wp-json\/wp\/v2\/pages\/350"}],"collection":[{"href":"https:\/\/gardan-shop.com\/fr\/wp-json\/wp\/v2\/pages"}],"about":[{"href":"https:\/\/gardan-shop.com\/fr\/wp-json\/wp\/v2\/types\/page"}],"author":[{"embeddable":true,"href":"https:\/\/gardan-shop.com\/fr\/wp-json\/wp\/v2\/users\/1"}],"replies":[{"embeddable":true,"href":"https:\/\/gardan-shop.com\/fr\/wp-json\/wp\/v2\/comments?post=350"}],"version-history":[{"count":138,"href":"https:\/\/gardan-shop.com\/fr\/wp-json\/wp\/v2\/pages\/350\/revisions"}],"predecessor-version":[{"id":1077,"href":"https:\/\/gardan-shop.com\/fr\/wp-json\/wp\/v2\/pages\/350\/revisions\/1077"}],"wp:attachment":[{"href":"https:\/\/gardan-shop.com\/fr\/wp-json\/wp\/v2\/media?parent=350"}],"curies":[{"name":"wp","href":"https:\/\/api.w.org\/{rel}","templated":true}]}}