{"id":764,"date":"2015-12-04T14:51:21","date_gmt":"2015-12-04T13:51:21","guid":{"rendered":"http:\/\/gardan-shop.com\/fr\/?post_type=product&#038;p=764"},"modified":"2024-05-25T07:05:58","modified_gmt":"2024-05-25T06:05:58","slug":"ines-hetre","status":"publish","type":"product","link":"https:\/\/gardan-shop.com\/fr\/produits\/ines-hetre\/","title":{"rendered":"IN\u00c8S h\u00eatre"},"content":{"rendered":"<p>Des lignes pures et un bois clair et contemporain donne toute son allure \u00e0 ce sac.<\/p>\n<p>Il est n\u00e9 de la collaboration avec un \u00e9b\u00e9niste.<\/p>\n<p>Ce mod\u00e8le est r\u00e9alis\u00e9 avec du h\u00eatre de nos for\u00eats fran\u00e7aise.<\/p>\n","protected":false},"excerpt":{"rendered":"<p>&nbsp;<\/p>\n<p>Des lignes pures et un bois clair et contemporain donne toute son allure \u00e0 ce sac.<\/p>\n<p>Il est n\u00e9 de la collaboration avec un \u00e9b\u00e9niste.<\/p>\n<p>Ce mod\u00e8le est r\u00e9alis\u00e9 avec du h\u00eatre de nos for\u00eats fran\u00e7aise.<\/p>\n<p>&nbsp;<\/p>\n<p><strong>Caract\u00e9ristiques\u00a0:<\/strong><\/p>\n<p>Fermeture par un fermoir en bois aimant\u00e9<br \/>\nBandouli\u00e8re d&rsquo;\u00e9paule en cuir r\u00e9glable<\/p>\n<p>Poche int\u00e9rieure zipp\u00e9e plaqu\u00e9e de 2 pochettes<br \/>\nPorte crayons<\/p>\n<p>Attache porte-cl\u00e9 + porte-cl\u00e9 \u00e0 pompon fourrure<br \/>\nDimensions: H: 15.5 x L: 28.5 x P: 7 cm (hors fermoir)<\/p>\n<p>&nbsp;<\/p>\n<p>Cuir de vachette v\u00e9ritable<\/p>\n<p>Bois : H\u00eatre (France)<\/p>\n<p>&nbsp;<\/p>\n<p>Fabriqu\u00e9 en France<\/p>\n<p><strong>\u00a0<\/strong><\/p>\n<p>&nbsp;<\/p>\n","protected":false},"featured_media":795,"comment_status":"closed","ping_status":"closed","template":"","meta":[],"product_cat":[33],"product_tag":[],"yoast_head":"<!-- This site is optimized with the Yoast SEO plugin v22.7 - https:\/\/yoast.com\/wordpress\/plugins\/seo\/ -->\n<title>IN\u00c8S h\u00eatre - Sacs en cuir de fabrication Fran\u00e7aise<\/title>\n<meta name=\"robots\" content=\"index, follow, max-snippet:-1, max-image-preview:large, max-video-preview:-1\" \/>\n<link rel=\"canonical\" href=\"http:\/\/gardan-shop.com\/fr\/produits\/ines-hetre\/\" \/>\n<meta property=\"og:locale\" content=\"fr_FR\" \/>\n<meta property=\"og:type\" content=\"article\" \/>\n<meta property=\"og:title\" content=\"IN\u00c8S h\u00eatre - Sacs en cuir de fabrication Fran\u00e7aise\" \/>\n<meta property=\"og:description\" content=\"&nbsp;  Des lignes pures et un bois clair et contemporain donne toute son allure \u00e0 ce sac.  Il est n\u00e9 de la collaboration avec un \u00e9b\u00e9niste.  Ce mod\u00e8le est r\u00e9alis\u00e9 avec du h\u00eatre de nos for\u00eats fran\u00e7aise.  &nbsp;  Caract\u00e9ristiques\u00a0:  Fermeture par un fermoir en bois aimant\u00e9 Bandouli\u00e8re d&#039;\u00e9paule en cuir r\u00e9glable  Poche int\u00e9rieure zipp\u00e9e plaqu\u00e9e de 2 pochettes Porte crayons  Attache porte-cl\u00e9 + porte-cl\u00e9 \u00e0 pompon fourrure Dimensions: H: 15.5 x L: 28.5 x P: 7 cm (hors fermoir)  &nbsp;  Cuir de vachette v\u00e9ritable  Bois : H\u00eatre (France)  &nbsp;  Fabriqu\u00e9 en France  \u00a0  &nbsp;\" \/>\n<meta property=\"og:url\" content=\"http:\/\/gardan-shop.com\/fr\/produits\/ines-hetre\/\" \/>\n<meta property=\"og:site_name\" content=\"Sacs en cuir de fabrication Fran\u00e7aise\" \/>\n<meta property=\"article:modified_time\" content=\"2024-05-25T06:05:58+00:00\" \/>\n<meta property=\"og:image\" content=\"http:\/\/gardan-shop.com\/fr\/wp-content\/uploads\/sites\/2\/2015\/12\/Sac-en-cuir-INES-h\u00eatre-11.jpg\" \/>\n\t<meta property=\"og:image:width\" content=\"640\" \/>\n\t<meta property=\"og:image:height\" content=\"480\" \/>\n\t<meta property=\"og:image:type\" content=\"image\/jpeg\" \/>\n<meta name=\"twitter:label1\" content=\"Dur\u00e9e de lecture estim\u00e9e\" \/>\n\t<meta name=\"twitter:data1\" content=\"1 minute\" \/>\n<script type=\"application\/ld+json\" class=\"yoast-schema-graph\">{\"@context\":\"https:\/\/schema.org\",\"@graph\":[{\"@type\":\"WebPage\",\"@id\":\"http:\/\/gardan-shop.com\/fr\/produits\/ines-hetre\/\",\"url\":\"http:\/\/gardan-shop.com\/fr\/produits\/ines-hetre\/\",\"name\":\"IN\u00c8S h\u00eatre - Sacs en cuir de fabrication Fran\u00e7aise\",\"isPartOf\":{\"@id\":\"http:\/\/gardan-shop.com\/fr\/#website\"},\"primaryImageOfPage\":{\"@id\":\"http:\/\/gardan-shop.com\/fr\/produits\/ines-hetre\/#primaryimage\"},\"image\":{\"@id\":\"http:\/\/gardan-shop.com\/fr\/produits\/ines-hetre\/#primaryimage\"},\"thumbnailUrl\":\"https:\/\/gardan-shop.com\/fr\/wp-content\/uploads\/sites\/2\/2015\/12\/Sac-en-cuir-INES-h\u00eatre-11.jpg\",\"datePublished\":\"2015-12-04T13:51:21+00:00\",\"dateModified\":\"2024-05-25T06:05:58+00:00\",\"breadcrumb\":{\"@id\":\"http:\/\/gardan-shop.com\/fr\/produits\/ines-hetre\/#breadcrumb\"},\"inLanguage\":\"fr-FR\",\"potentialAction\":[{\"@type\":\"ReadAction\",\"target\":[\"http:\/\/gardan-shop.com\/fr\/produits\/ines-hetre\/\"]}]},{\"@type\":\"ImageObject\",\"inLanguage\":\"fr-FR\",\"@id\":\"http:\/\/gardan-shop.com\/fr\/produits\/ines-hetre\/#primaryimage\",\"url\":\"https:\/\/gardan-shop.com\/fr\/wp-content\/uploads\/sites\/2\/2015\/12\/Sac-en-cuir-INES-h\u00eatre-11.jpg\",\"contentUrl\":\"https:\/\/gardan-shop.com\/fr\/wp-content\/uploads\/sites\/2\/2015\/12\/Sac-en-cuir-INES-h\u00eatre-11.jpg\",\"width\":640,\"height\":480},{\"@type\":\"BreadcrumbList\",\"@id\":\"http:\/\/gardan-shop.com\/fr\/produits\/ines-hetre\/#breadcrumb\",\"itemListElement\":[{\"@type\":\"ListItem\",\"position\":1,\"name\":\"Accueil\",\"item\":\"http:\/\/gardan-shop.com\/fr\/\"},{\"@type\":\"ListItem\",\"position\":2,\"name\":\"IN\u00c8S h\u00eatre\"}]},{\"@type\":\"WebSite\",\"@id\":\"http:\/\/gardan-shop.com\/fr\/#website\",\"url\":\"http:\/\/gardan-shop.com\/fr\/\",\"name\":\"Sacs en cuir de fabrication Fran\u00e7aise\",\"description\":\"Gardan-Shop\",\"potentialAction\":[{\"@type\":\"SearchAction\",\"target\":{\"@type\":\"EntryPoint\",\"urlTemplate\":\"http:\/\/gardan-shop.com\/fr\/?s={search_term_string}\"},\"query-input\":\"required name=search_term_string\"}],\"inLanguage\":\"fr-FR\"}]}<\/script>\n<!-- \/ Yoast SEO plugin. -->","yoast_head_json":{"title":"IN\u00c8S h\u00eatre - Sacs en cuir de fabrication Fran\u00e7aise","robots":{"index":"index","follow":"follow","max-snippet":"max-snippet:-1","max-image-preview":"max-image-preview:large","max-video-preview":"max-video-preview:-1"},"canonical":"http:\/\/gardan-shop.com\/fr\/produits\/ines-hetre\/","og_locale":"fr_FR","og_type":"article","og_title":"IN\u00c8S h\u00eatre - Sacs en cuir de fabrication Fran\u00e7aise","og_description":"&nbsp;  Des lignes pures et un bois clair et contemporain donne toute son allure \u00e0 ce sac.  Il est n\u00e9 de la collaboration avec un \u00e9b\u00e9niste.  Ce mod\u00e8le est r\u00e9alis\u00e9 avec du h\u00eatre de nos for\u00eats fran\u00e7aise.  &nbsp;  Caract\u00e9ristiques\u00a0:  Fermeture par un fermoir en bois aimant\u00e9 Bandouli\u00e8re d'\u00e9paule en cuir r\u00e9glable  Poche int\u00e9rieure zipp\u00e9e plaqu\u00e9e de 2 pochettes Porte crayons  Attache porte-cl\u00e9 + porte-cl\u00e9 \u00e0 pompon fourrure Dimensions: H: 15.5 x L: 28.5 x P: 7 cm (hors fermoir)  &nbsp;  Cuir de vachette v\u00e9ritable  Bois : H\u00eatre (France)  &nbsp;  Fabriqu\u00e9 en France  \u00a0  &nbsp;","og_url":"http:\/\/gardan-shop.com\/fr\/produits\/ines-hetre\/","og_site_name":"Sacs en cuir de fabrication Fran\u00e7aise","article_modified_time":"2024-05-25T06:05:58+00:00","og_image":[{"width":640,"height":480,"url":"http:\/\/gardan-shop.com\/fr\/wp-content\/uploads\/sites\/2\/2015\/12\/Sac-en-cuir-INES-h\u00eatre-11.jpg","type":"image\/jpeg"}],"twitter_misc":{"Dur\u00e9e de lecture estim\u00e9e":"1 minute"},"schema":{"@context":"https:\/\/schema.org","@graph":[{"@type":"WebPage","@id":"http:\/\/gardan-shop.com\/fr\/produits\/ines-hetre\/","url":"http:\/\/gardan-shop.com\/fr\/produits\/ines-hetre\/","name":"IN\u00c8S h\u00eatre - Sacs en cuir de fabrication Fran\u00e7aise","isPartOf":{"@id":"http:\/\/gardan-shop.com\/fr\/#website"},"primaryImageOfPage":{"@id":"http:\/\/gardan-shop.com\/fr\/produits\/ines-hetre\/#primaryimage"},"image":{"@id":"http:\/\/gardan-shop.com\/fr\/produits\/ines-hetre\/#primaryimage"},"thumbnailUrl":"https:\/\/gardan-shop.com\/fr\/wp-content\/uploads\/sites\/2\/2015\/12\/Sac-en-cuir-INES-h\u00eatre-11.jpg","datePublished":"2015-12-04T13:51:21+00:00","dateModified":"2024-05-25T06:05:58+00:00","breadcrumb":{"@id":"http:\/\/gardan-shop.com\/fr\/produits\/ines-hetre\/#breadcrumb"},"inLanguage":"fr-FR","potentialAction":[{"@type":"ReadAction","target":["http:\/\/gardan-shop.com\/fr\/produits\/ines-hetre\/"]}]},{"@type":"ImageObject","inLanguage":"fr-FR","@id":"http:\/\/gardan-shop.com\/fr\/produits\/ines-hetre\/#primaryimage","url":"https:\/\/gardan-shop.com\/fr\/wp-content\/uploads\/sites\/2\/2015\/12\/Sac-en-cuir-INES-h\u00eatre-11.jpg","contentUrl":"https:\/\/gardan-shop.com\/fr\/wp-content\/uploads\/sites\/2\/2015\/12\/Sac-en-cuir-INES-h\u00eatre-11.jpg","width":640,"height":480},{"@type":"BreadcrumbList","@id":"http:\/\/gardan-shop.com\/fr\/produits\/ines-hetre\/#breadcrumb","itemListElement":[{"@type":"ListItem","position":1,"name":"Accueil","item":"http:\/\/gardan-shop.com\/fr\/"},{"@type":"ListItem","position":2,"name":"IN\u00c8S h\u00eatre"}]},{"@type":"WebSite","@id":"http:\/\/gardan-shop.com\/fr\/#website","url":"http:\/\/gardan-shop.com\/fr\/","name":"Sacs en cuir de fabrication Fran\u00e7aise","description":"Gardan-Shop","potentialAction":[{"@type":"SearchAction","target":{"@type":"EntryPoint","urlTemplate":"http:\/\/gardan-shop.com\/fr\/?s={search_term_string}"},"query-input":"required name=search_term_string"}],"inLanguage":"fr-FR"}]}},"_links":{"self":[{"href":"https:\/\/gardan-shop.com\/fr\/wp-json\/wp\/v2\/product\/764"}],"collection":[{"href":"https:\/\/gardan-shop.com\/fr\/wp-json\/wp\/v2\/product"}],"about":[{"href":"https:\/\/gardan-shop.com\/fr\/wp-json\/wp\/v2\/types\/product"}],"replies":[{"embeddable":true,"href":"https:\/\/gardan-shop.com\/fr\/wp-json\/wp\/v2\/comments?post=764"}],"wp:featuredmedia":[{"embeddable":true,"href":"https:\/\/gardan-shop.com\/fr\/wp-json\/wp\/v2\/media\/795"}],"wp:attachment":[{"href":"https:\/\/gardan-shop.com\/fr\/wp-json\/wp\/v2\/media?parent=764"}],"wp:term":[{"taxonomy":"product_cat","embeddable":true,"href":"https:\/\/gardan-shop.com\/fr\/wp-json\/wp\/v2\/product_cat?post=764"},{"taxonomy":"product_tag","embeddable":true,"href":"https:\/\/gardan-shop.com\/fr\/wp-json\/wp\/v2\/product_tag?post=764"}],"curies":[{"name":"wp","href":"https:\/\/api.w.org\/{rel}","templated":true}]}}